{"id":17661,"date":"2017-12-28T13:42:07","date_gmt":"2017-12-28T12:42:07","guid":{"rendered":"http:\/\/bwf-neu.zephir.digital\/travelogues\/spain\/spanien-allgemein\/"},"modified":"2018-01-07T22:19:59","modified_gmt":"2018-01-07T21:19:59","slug":"spain-in-general","status":"publish","type":"page","link":"https:\/\/bluewaterfishing.eu\/en\/travelogues\/spain\/spain-in-general\/","title":{"rendered":"Spain in general"},"content":{"rendered":"<div class=\"slider-wrapper relative\" id=\"slider-1915039557\" >\n    <div class=\"slider slider-nav-circle slider-nav-large slider-nav-light slider-style-normal\"\n        data-flickity-options='{\n            \"cellAlign\": \"center\",\n            \"imagesLoaded\": true,\n            \"lazyLoad\": 1,\n            \"freeScroll\": false,\n            \"wrapAround\": true,\n            \"autoPlay\": 6000,\n            \"pauseAutoPlayOnHover\" : true,\n            \"prevNextButtons\": true,\n            \"contain\" : true,\n            \"adaptiveHeight\" : true,\n            \"dragThreshold\" : 10,\n            \"percentPosition\": true,\n            \"pageDots\": true,\n            \"rightToLeft\": false,\n            \"draggable\": true,\n            \"selectedAttraction\": 0.1,\n            \"parallax\" : 0,\n            \"friction\": 0.6        }'\n        >\n        \n\t<div class=\"img has-hover x md-x lg-x y md-y lg-y\" id=\"image_1889317563\">\n\t\t\t\t\t\t\t\t<div class=\"img-inner image-cover dark\" style=\"padding-top:400px;\">\n\t\t\t<img loading=\"lazy\" decoding=\"async\" width=\"1000\" height=\"704\" src=\"https:\/\/bluewaterfishing.eu\/wp-content\/uploads\/2018\/01\/Bildschirmfoto-2018-01-07-um-18.32.34-1000x704.png\" class=\"attachment-large size-large\" alt=\"\" srcset=\"https:\/\/bluewaterfishing.eu\/wp-content\/uploads\/2018\/01\/Bildschirmfoto-2018-01-07-um-18.32.34-1000x704.png 1000w, https:\/\/bluewaterfishing.eu\/wp-content\/uploads\/2018\/01\/Bildschirmfoto-2018-01-07-um-18.32.34-400x282.png 400w, https:\/\/bluewaterfishing.eu\/wp-content\/uploads\/2018\/01\/Bildschirmfoto-2018-01-07-um-18.32.34-768x541.png 768w, https:\/\/bluewaterfishing.eu\/wp-content\/uploads\/2018\/01\/Bildschirmfoto-2018-01-07-um-18.32.34-500x352.png 500w, https:\/\/bluewaterfishing.eu\/wp-content\/uploads\/2018\/01\/Bildschirmfoto-2018-01-07-um-18.32.34-600x422.png 600w, https:\/\/bluewaterfishing.eu\/wp-content\/uploads\/2018\/01\/Bildschirmfoto-2018-01-07-um-18.32.34.png 1068w\" sizes=\"auto, (max-width: 1000px) 100vw, 1000px\" \/>\t\t\t\t\t\t\n\t\t\t\t\t<\/div>\n\t\t\t\t\t\t\t\t\n<style>\n#image_1889317563 {\n  width: 100%;\n}\n<\/style>\n\t<\/div>\n\t\n     <\/div>\n\n     <div class=\"loading-spin dark large centered\"><\/div>\n\n\t<\/div>\n\n\n\t<div id=\"gap-672923076\" class=\"gap-element clearfix\" style=\"display:block; height:auto;\">\n\t\t\n<style>\n#gap-672923076 {\n  padding-top: 30px;\n}\n<\/style>\n\t<\/div>\n\t\n<h1><span class=\"headline\">Delta del Rio Ebro<\/span><\/h1>\n<h3>\u00bbSpanien\u00ab<\/h3>\n<p>Knapp zwei Flugstunden, dann noch zwei Stunden mit dem Auto und man ist in einem der besten K\u00fcstenreviere Europas, im Ebrodelta. 206 km s\u00fcdlich von Barcelona gelegen, erstreckt sich das Delta 23 km breit und 26 km tief in die Costa Dorada. N\u00f6rdlich liegt der Badeort Riomar, s\u00fcdlich Eucalyptus. Ideal f\u00fcr einen Kombiurlaub: \u201eAngeln und Familie\u201c.<\/p>\n<h3>Wie organisiert man das Ganze und was ist m\u00f6glich?<\/h3>\n<p>In der Regel mieten sich Angelurlauber von zu Hause aus ein Boot und einen Bungalow oder gehen auf den Campingplatz. Die idealen Boote f\u00fcr das Angeln im Delta sind 5 bis 6 m lang, mit Au\u00dfenbordern 20 bis 40 PS best\u00fcckt und mit einer Steuerkonsole ausgestattet. Ein Boot dieser Gr\u00f6\u00dfe und Motorisierung ist schon ab DM 500 pro Woche zu haben. Zus\u00e4tzlich ist die katalonische K\u00fcstenangellizenz f\u00fcr DM 60 (2 Jahre g\u00fcltig) notwendig. Kapit\u00e4n, Vorfachmann und Angler in einer Person \u2013 das schaffen nur alte Hasen. Deshalb empfiehlt sich das Angeln im Team, am besten zwei Angler. Eigenes Ger\u00e4t muss mitgebracht werden! Wer weiter raus will, kann sich bei Julio Bellaubi in Riomar ein Offshore-Boot (9 m) inklusive K\u00f6der, Ger\u00e4t und Crew (8 Stunden f\u00fcr DM 600) chartern und sein Gl\u00fcck auf Blauflossenthun, Broadbill und andere Offshore-Fische versuchen.<br \/>Die (Standard-)Erfolgsaussichten auf Makrele, Bonito und Blaubarsch (Bluefish) sind sehr gut. Mit etwas Gl\u00fcck gesellen sich Palometas (Englisch: Leerfish oder Garrick) und mit viel Gl\u00fcck Pez Lemons (Amberjack) hinzu, die erstgenannten mit einem Durchschnittsgewicht um: 15 kg, Maximalgewicht: 35 kg, die letztgenannten: 20,50 kg. In Sternstunden sind sogar gr\u00f6\u00dfere St\u00fcckzahlen m\u00f6glich; aber auch hier in Spanien gilt Selbstbeschr\u00e4nkung \u2013 \u201eCatch &amp; Release\u201c l\u00e4sst gr\u00fc\u00dfen!<\/p>\n\t<div class=\"img has-hover x md-x lg-x y md-y lg-y\" id=\"image_614590004\">\n\t\t\t\t\t\t\t\t<div class=\"img-inner dark\" style=\"margin:0px 0px 30px 0px;\">\n\t\t\t<img loading=\"lazy\" decoding=\"async\" width=\"503\" height=\"345\" src=\"https:\/\/bluewaterfishing.eu\/wp-content\/uploads\/2018\/01\/be38c04ea1.jpg\" class=\"attachment-large size-large\" alt=\"\" srcset=\"https:\/\/bluewaterfishing.eu\/wp-content\/uploads\/2018\/01\/be38c04ea1.jpg 503w, https:\/\/bluewaterfishing.eu\/wp-content\/uploads\/2018\/01\/be38c04ea1-500x343.jpg 500w\" sizes=\"auto, (max-width: 503px) 100vw, 503px\" \/>\t\t\t\t\t\t\n\t\t\t\t\t<\/div>\n\t\t\t\t\t\t\t\t\n<style>\n#image_614590004 {\n  width: 100%;\n}\n<\/style>\n\t<\/div>\n\t\n<h3>Fischarten und die Saison<\/h3>\n<p>Letztes Jahr versuchten wir unser Gl\u00fcck, leider machte uns das Wetter am dritten Angeltag einen Strich durch die Rechnung. Sinnflutartige Regenf\u00e4lle und Sturm beendeten unser Testangeln. Trotzdem, dank den Anweisungen und der GPS-Karte unseres Angelfreundes Reinhold Schwarzw\u00e4lder fanden wir gleich am ersten Tag ein gutes Gebiet und fingen zwei Palometas um 10 kg. Lassen wir deshalb Reinhold berichten, er hat schon manches Angelabenteuer am Ebro erlebt und kann Geschichten erz\u00e4hlen!<\/p>\n<h3>Ein erfolgreicher Angeltag im Ebrodelta<\/h3>\n<p>Gegen 9.00 Uhr aufstehen, gem\u00fctlich fr\u00fchst\u00fccken um 10.00 Uhr belade ich mein Boot und dann muss ich (leider) zuerst zum K\u00f6derfischangeln. Frische Meer\u00e4schen sind meine Lieblingsk\u00f6der; leider sind sie aber nicht einfach zu fangen und meist (f\u00fcr mich) das gr\u00f6\u00dfte Problem des Tages! Es gibt viele Methoden und (geheime) Tricks, mein Tipp: Tiroler H\u00f6lzl mit dunkler Nymphe der Gr\u00f6\u00dfe 12\u201314. Heute brauche ich bis Mittag, dann habe ich endlich neun Meer\u00e4schen in der richtigen Gr\u00f6\u00dfe (1\u20132 Pfund) beisammen. Gleich hinter der Sandbank k\u00f6dere ich zwei \u00c4schen an und schleppe mit 2 bis 3 Knoten 20\u201330 m \u201ekurz\u201c und 80\u2013100 m \u201elang\u201c, bei weicher Bremseinstellung und eingeschalteter Knarre, direkt \u00fcber die Rutenspitze.<\/p>\n<p>Echolot und GPS sind eingeschaltet und auf geht es, Kurs tiefes Wasser. Noch keine 500 m habe ich hinter mich gebracht da l\u00e4uft auch schon die kurze Leine; ich fahre weiter und beobachte die Wasseroberfl\u00e4che. Wieder l\u00e4uft die Leine mehrmals kurz an \u2013 das wird doch kein &#8230; ; jetzt l\u00e4uft auch die zweite Leine, hoffentlich kein Blaubarsch. Schnell hole ich ein \u2013 oh nein, drei Blaubarsche sprinten hinter der \u00c4sche her: Wer das Rennen macht ist klar; 15 Meter hinter dem Boot bei\u00dft einer der Blaubarsche meine Meer\u00e4sche glatt durch. Das Wasser ist hier glasklar und ich muss hilflos zuschauen wie meine K\u00f6der von den \u201eEbropiranhas\u201c aufgefressen werden. Zwei m\u00fchsam gefangene \u00c4schen verloren und das bereits nach 10 Minuten \u2013 das f\u00e4ngt ja heute gut an. Jammern nutzt nichts, Gas geben und ab ins tiefere Wasser, bevor ich hier noch weitere K\u00f6derfische verliere. 10 Minuten sp\u00e4ter erreiche ich den ersten \u201eGPS-Wegepunkt\u201c, ank\u00f6dern und weiter geht es. Jetzt kann ich endlich ausgiebig den leuchtend blauen Himmel, das tiefblaue Wasser und den herrlichen Sonnenschein genie\u00dfen \u2013 so muss Meeresangeln sein, einfach herrlich! Na ja, jetzt ein Fisch w\u00e4re auch nicht zu verachten. \u201eWegepunkt 2\u201c bringt auch keinen Erfolg \u2013 die Rollen schweigen.<\/p>\n\t<div class=\"img has-hover x md-x lg-x y md-y lg-y\" id=\"image_194061672\">\n\t\t\t\t\t\t\t\t<div class=\"img-inner dark\" style=\"margin:0px 0px 30px 0px;\">\n\t\t\t<img loading=\"lazy\" decoding=\"async\" width=\"503\" height=\"185\" src=\"https:\/\/bluewaterfishing.eu\/wp-content\/uploads\/2018\/01\/91686f2707.jpg\" class=\"attachment-large size-large\" alt=\"\" srcset=\"https:\/\/bluewaterfishing.eu\/wp-content\/uploads\/2018\/01\/91686f2707.jpg 503w, https:\/\/bluewaterfishing.eu\/wp-content\/uploads\/2018\/01\/91686f2707-500x184.jpg 500w\" sizes=\"auto, (max-width: 503px) 100vw, 503px\" \/>\t\t\t\t\t\t\n\t\t\t\t\t<\/div>\n\t\t\t\t\t\t\t\t\n<style>\n#image_194061672 {\n  width: 100%;\n}\n<\/style>\n\t<\/div>\n\t\n<p>Ich bin schon fast beim \u201eWegepunkt 3\u201c angekommen, da pl\u00f6tzlich ein kurzes Knarren, was war das? Hoppla, drei Palometas verfolgen den \u201ekurzen\u201c K\u00f6der. Sofort schiebe ich den Bremshebel auf \u201eFREE\u201c und hoffe, dass endlich etwas passiert. Im klaren Wasser sehe ich zwei gr\u00f6\u00dfere und einen kleineren Palometa hinter der \u00c4sche herjagen. Sie versucht zu fl\u00fcchten, hat aber keine Chance \u2013 rums, ein gro\u00dfer Palometa hat die \u00c4sche voll gepackt. Leine laufen lassen, eins-zwei-drei Bremse rein und anhauen; der h\u00e4ngt \u2013 und das alles auf Sicht! Jetzt schnell die Rute wieder in den Halter und die zweite Leine einholen.<\/p>\n<h3>Gleich zwei auf einen Streich?<\/h3>\n<p>Was jetzt, die zweite Meer\u00e4sche springt pl\u00f6tzlich mehrmals hektisch aus dem Wasser, die beiden anderen Palometas attackieren sie. Das darf doch nicht wahr sein, erst stundenlang kein Biss, dann gleich zwei unmittelbar hintereinander. Alleine habe ich mit zwei gro\u00dfen Palometas gleichzeitig nur eine kleine Chance. Keine f\u00fcnf Minuten sp\u00e4ter \u00fcberkreuzen sich die Leinen und p\u00e4ng, zwei Fische und zwei Vorf\u00e4cher verloren. Oh je, jetzt sind schon 4 K\u00f6der weg und immer noch kein Fisch. Weiter geht\u2019s, neuer K\u00f6der neues Gl\u00fcck. Zwei Minuten sp\u00e4ter der n\u00e4chste Biss, fantastisch wie der Palometa die \u00c4sche in die Luft wirft und sie dann nimmt. Der h\u00e4ngt richtig; die zweite Angel rein, auch das geht gut. Endlich ein Drill am 30 lb Ger\u00e4t, nach nicht einmal 10 Minuten ist der Fisch am Boot, ein mittleres Exemplar von etwa 15 kg. Erst mal sehen wo und wie der Haken sitzt. Tats\u00e4chlich ich komme mit der Zange problemlos heran und kann den Fisch freilassen. Hier scheint heute der Platz zu sein, an dem sich die Palometas rumtreiben. Schnell neu angek\u00f6dert und weiter geht\u2019s.<\/p>\n<h3>Jetzt geht es Schlag auf Schlag<\/h3>\n<p>Keine 5 Minuten sp\u00e4ter der n\u00e4chste Biss, diesmal auf die lange Leine. Ich sehe nur den Schwall, als der Palometa die \u00c4sche attackiert; erst nehmen lassen, dann anfahren. F\u00fcr einen Anhieb von Hand bei dieser Entfernung, ist die 20 lb Bootsrute zu kurz. Der Fisch scheint gut zu h\u00e4ngen. Was f\u00fcr eine Flucht, wahrscheinlich ein gro\u00dfes Exemplar. Ich muss zweimal mit dem Boot mitfahren, um Schnur einholen zu k\u00f6nnen. Der Fisch bleibt tief, ich habe noch nichts von ihm gesehen. Der Drill dauert schon fast eine halbe Stunde, er k\u00f6nnte sich doch endlich mal zeigen. Immer sch\u00f6n langsam, nur nichts erzwingen wollen \u2013 es wird schon werden. Mittlerweile bin ich schwei\u00dfgebadet, der Fisch steht nahe am Boot, aber immer noch \u00fcber Grund. Jetzt f\u00e4ngt er auch noch an zu bocken. Mit der 20 lb Leine kann ich ihn unm\u00f6glich hoch pumpen. Noch eine Flucht, aber jetzt kommt er endlich hoch; wild schl\u00e4gt er immer noch mit dem Kopf um sich und ist ungef\u00e4hr 30 Meter entfernt; jetzt kann es kritisch werden, deshalb klappe ich zuerst den Motor hoch. Und tats\u00e4chlich kommt was ich bef\u00fcrchtet habe; der Fisch schie\u00dft geradewegs aufs Boot zu, drunter durch und ab geht die Post, die n\u00e4chste Flucht. Ein gro\u00dfer Palometa, er ist sicher \u00fcber 25 kg schwer. W\u00e4re auf dieser Leine wahrscheinlich neuer IGFA-Rekord. Soll ich den Fisch gaffen? Mal sehen wie er h\u00e4ngt, vielleicht kann ich ihn freilassen. Als er ruhiger wird, greife ich mit einer Hand das Vorfach und mit der anderen stelle ich die Angel in den Rutenhalter. Jetzt bringt er mich beinahe aus dem Gleichgewicht; gerade noch mal gut gegangen. F\u00fcr den Fisch leider nicht, keine Spur vom 10\/0 Haken. Er hat den K\u00f6der verschluckt. Da muss ich ihn wohl oder \u00fcbel doch mitnehmen. Es bereitet mir gro\u00dfe M\u00fche den Fisch von Hand ins Boot zu bringen, so schwer ist er; h\u00e4tte doch besser das Gaff nehmen sollen. Ein toller Palometa, bin mal gespannt was der wiegt.<\/p>\n<h3>Der erste Pez Lemon in diesem Jahr<\/h3>\n<p>Ich bin zufrieden und gl\u00fccklich! Der Wind hat in der Zwischenzeit aufgefrischt und die 8 Kilometer bis zur M\u00fcndung gegen die Str\u00f6mung sind auch nicht ohne. Ich schleppe doch lieber langsam in Richtung Heimat. Da war doch mal was \u2013 starker Wind und Pez Lemons \u2013 sie m\u00f6gen leicht aufgew\u00fchlte See und kommen dann zum Rauben hoch. Aber soviel Gl\u00fcck steht mir doch heute gar nicht zu. Egal wie es wird, das Wetter ist immer noch traumhaft sch\u00f6n \u2013 also gem\u00fctlich Richtung Ebro geschippert und die Gedanken schweifen lassen. F\u00fcr einen Angler und Sonnenanbeter wie mich, gibt es einfach nichts sch\u00f6neres als bei herrlichem Wetter, auf einem warmen Meer zu schippern und dabei gewiss zu sein, dass hinter mir jeden Augenblick ein Fisch zupacken kann! Das Wasser wird jetzt flacher, ich n\u00e4here mich der M\u00fcndung. Das war\u2019s dann wohl f\u00fcr heute. Aber was jetzt, ohne Vorwarnung \u201esingt\u201c die 30er ihr sch\u00f6nstes Lied! Ein Crash Strike, Bremshebel hoch und Gas geben. Der Fisch h\u00e4ngt, hier bestimmt ein weiterer Palometa!? Was jetzt, der Fisch zieht mehr als 150 m Leine, gegen die angezogene Bremse, von der Rolle; nicht schlecht \u2013 scheint ja wieder ein Gro\u00dfer zu sein. Da zieht er schon wieder ab, dann noch eine lange Flucht. So kann es nicht weiter gehen, hier im M\u00fcndungsbereich sind zu viele Tonnen und Hindernisse. Gang rein und dem Fisch hinterher um die Leine kurz zu halten. Dieser Fisch ist aber wirklich b\u00f6sartig, er fl\u00fcchtet erneut. Mittlerweile bin ich wieder dort wo ich herkomme, im tiefen Wasser. Ist es vielleicht doch ein Pez Lemon?<\/p>\n<h3>Schon \u00fcber eine halbe Stunde h\u00e4lt mich der Fisch in Atem<\/h3>\n<p>Mittlerweile sind die Fluchten zwar nur noch kurz, aber jetzt ist \u201eStellungskrieg\u201c \u00fcber Grund angesagt. Er will und will nicht an die Oberfl\u00e4che. Durch die Abdrift wird das Wasser immer tiefer und der Fisch geht immer weiter runter. Gott sei Dank bin ich aus dem Bereich der Bojen heraus. Nach 50 Minuten kann ich den Fisch die ersten Meter anheben und bin mir mittlerweile ziemlich sicher, dass es ein Pez Lemon sein muss; das w\u00e4re mein Erster in dieser Saison! Jetzt erst mal die Gaffs fertig machen. Endlich, nach fast einer Stunde sehe ich den Fisch im klaren Wasser. Ein Pez Lemon wie vermutet, aber scheinbar gar nicht mal so gro\u00df; es sind halt z\u00e4he und harte K\u00e4mpfer \u2013 eine Stunde am 30 lb Ger\u00e4t und dann noch nicht einmal 30 kg schwer! Die Landung geht glatt, der Fisch war am Ende doch fertig. W\u00e4hrend dem Drill bin ich fast vier Kilometer abgetrieben. Gegen Wind und Str\u00f6mung geht\u2019s \u00fcbergl\u00fccklich und zufrieden zur\u00fcck zur Wiegestelle und dann Feierabend. Tja was bleibt zu sagen, der Palometa wog 29,5 Kg, w\u00e4re nicht nur IGFA-Leinenklassen sondern All-Tackle Weltrekord geworden. Vielleicht muss ich doch einmal einen Fisch anmelden. Bei dem Pez Lemon habe ich mich versch\u00e4tzt; er wog nur 22 Kg und dann so ein Kampf \u2013 unglaublich! Jetzt noch die Fische filetieren, dann bin ich gegen 17.30 Uhr bei meiner Familie. Ach ja, heute Abend gibt\u2019s Pez Lemon \u2013 Filet in Butter gebraten \u2013 ein Genuss an der Angel und auf dem Teller!<\/p>\n<p>Noch eins, im Ebro selbst und in den Stauseen kann man auch mit gro\u00dfen Chancen auf Welse, Zander, Karpfen, Barben und Schwarzbarsch angeln!<\/p>\n\t<div class=\"img has-hover x md-x lg-x y md-y lg-y\" id=\"image_1873044558\">\n\t\t\t\t\t\t\t\t<div class=\"img-inner dark\" style=\"margin:0px 0px 30px 0px;\">\n\t\t\t<img loading=\"lazy\" decoding=\"async\" width=\"503\" height=\"628\" src=\"https:\/\/bluewaterfishing.eu\/wp-content\/uploads\/2018\/01\/54aa284aa2.jpg\" class=\"attachment-large size-large\" alt=\"\" srcset=\"https:\/\/bluewaterfishing.eu\/wp-content\/uploads\/2018\/01\/54aa284aa2.jpg 503w, https:\/\/bluewaterfishing.eu\/wp-content\/uploads\/2018\/01\/54aa284aa2-500x624.jpg 500w, https:\/\/bluewaterfishing.eu\/wp-content\/uploads\/2018\/01\/54aa284aa2-400x500.jpg 400w, https:\/\/bluewaterfishing.eu\/wp-content\/uploads\/2018\/01\/54aa284aa2-481x600.jpg 481w\" sizes=\"auto, (max-width: 503px) 100vw, 503px\" \/>\t\t\t\t\t\t\n\t\t\t\t\t<\/div>\n\t\t\t\t\t\t\t\t\n<style>\n#image_1873044558 {\n  width: 100%;\n}\n<\/style>\n\t<\/div>\n\t\n","protected":false},"excerpt":{"rendered":"<p>Delta del Rio Ebro \u00bbSpanien\u00ab Knapp zwei Flugstunden, dann noch zwei Stunden mit dem Auto und man ist in einem der besten K\u00fcstenreviere Europas, im Ebrodelta. 206 km s\u00fcdlich von Barcelona gelegen, erstreckt sich das Delta 23 km breit und 26 km tief in die Costa Dorada. N\u00f6rdlich liegt der Badeort Riomar, s\u00fcdlich Eucalyptus. Ideal [&#8230;]\n","protected":false},"author":1575,"featured_media":17259,"parent":17477,"menu_order":99,"comment_status":"closed","ping_status":"closed","template":"page-blank-sub-nav-vertical.php","meta":{"footnotes":""},"class_list":["post-17661","page","type-page","status-publish","has-post-thumbnail","hentry"],"yoast_head":"<!-- This site is optimized with the Yoast SEO plugin v27.0 - https:\/\/yoast.com\/product\/yoast-seo-wordpress\/ -->\n<title>Spain in general - BluewaterFishing<\/title>\n<meta name=\"description\" content=\"Visit our Travelogues, Videos and Catch-Reports and find your perfect lure for the fish of your dreams.\" \/>\n<meta name=\"robots\" content=\"index, follow, max-snippet:-1, max-image-preview:large, max-video-preview:-1\" \/>\n<link rel=\"canonical\" href=\"https:\/\/bluewaterfishing.eu\/?page_id=5749\" \/>\n<meta property=\"og:locale\" content=\"en_US\" \/>\n<meta property=\"og:type\" content=\"article\" \/>\n<meta property=\"og:title\" content=\"Spain in general - BluewaterFishing\" \/>\n<meta property=\"og:description\" content=\"Visit our Travelogues, Videos and Catch-Reports and find your perfect lure for the fish of your dreams.\" \/>\n<meta property=\"og:url\" content=\"https:\/\/bluewaterfishing.eu\/?page_id=5749\" \/>\n<meta property=\"og:site_name\" content=\"BluewaterFishing\" \/>\n<meta property=\"article:publisher\" content=\"https:\/\/www.facebook.com\/BWF.eu\" \/>\n<meta property=\"article:modified_time\" content=\"2018-01-07T21:19:59+00:00\" \/>\n<meta property=\"og:image\" content=\"https:\/\/bluewaterfishing.eu\/wp-content\/uploads\/2018\/01\/Bildschirmfoto-2018-01-07-um-18.32.34.png\" \/>\n\t<meta property=\"og:image:width\" content=\"1068\" \/>\n\t<meta property=\"og:image:height\" content=\"752\" \/>\n\t<meta property=\"og:image:type\" content=\"image\/png\" \/>\n<meta name=\"twitter:card\" content=\"summary_large_image\" \/>\n<meta name=\"twitter:label1\" content=\"Est. reading time\" \/>\n\t<meta name=\"twitter:data1\" content=\"10 minutes\" \/>\n<script type=\"application\/ld+json\" class=\"yoast-schema-graph\">{\"@context\":\"https:\/\/schema.org\",\"@graph\":[{\"@type\":\"WebPage\",\"@id\":\"https:\/\/bluewaterfishing.eu\/?page_id=5749\",\"url\":\"https:\/\/bluewaterfishing.eu\/?page_id=5749\",\"name\":\"Spain in general - BluewaterFishing\",\"isPartOf\":{\"@id\":\"https:\/\/bluewaterfishing.eu\/#website\"},\"primaryImageOfPage\":{\"@id\":\"https:\/\/bluewaterfishing.eu\/?page_id=5749#primaryimage\"},\"image\":{\"@id\":\"https:\/\/bluewaterfishing.eu\/?page_id=5749#primaryimage\"},\"thumbnailUrl\":\"https:\/\/bluewaterfishing.eu\/wp-content\/uploads\/2018\/01\/Bildschirmfoto-2018-01-07-um-18.32.34.png\",\"datePublished\":\"2017-12-28T12:42:07+00:00\",\"dateModified\":\"2018-01-07T21:19:59+00:00\",\"description\":\"Visit our Travelogues, Videos and Catch-Reports and find your perfect lure for the fish of your dreams.\",\"breadcrumb\":{\"@id\":\"https:\/\/bluewaterfishing.eu\/?page_id=5749#breadcrumb\"},\"inLanguage\":\"en-US\",\"potentialAction\":[{\"@type\":\"ReadAction\",\"target\":[\"https:\/\/bluewaterfishing.eu\/?page_id=5749\"]}]},{\"@type\":\"ImageObject\",\"inLanguage\":\"en-US\",\"@id\":\"https:\/\/bluewaterfishing.eu\/?page_id=5749#primaryimage\",\"url\":\"https:\/\/bluewaterfishing.eu\/wp-content\/uploads\/2018\/01\/Bildschirmfoto-2018-01-07-um-18.32.34.png\",\"contentUrl\":\"https:\/\/bluewaterfishing.eu\/wp-content\/uploads\/2018\/01\/Bildschirmfoto-2018-01-07-um-18.32.34.png\",\"width\":1068,\"height\":752},{\"@type\":\"BreadcrumbList\",\"@id\":\"https:\/\/bluewaterfishing.eu\/?page_id=5749#breadcrumb\",\"itemListElement\":[{\"@type\":\"ListItem\",\"position\":1,\"name\":\"Startseite\",\"item\":\"https:\/\/bluewaterfishing.eu\/en\/\"},{\"@type\":\"ListItem\",\"position\":2,\"name\":\"Travelogues\",\"item\":\"https:\/\/bluewaterfishing.eu\/reiseberichte\/\"},{\"@type\":\"ListItem\",\"position\":3,\"name\":\"Spain\",\"item\":\"https:\/\/bluewaterfishing.eu\/?page_id=5746\"},{\"@type\":\"ListItem\",\"position\":4,\"name\":\"Spain in general\"}]},{\"@type\":\"WebSite\",\"@id\":\"https:\/\/bluewaterfishing.eu\/#website\",\"url\":\"https:\/\/bluewaterfishing.eu\/\",\"name\":\"BluewaterFishing\",\"description\":\"\",\"potentialAction\":[{\"@type\":\"SearchAction\",\"target\":{\"@type\":\"EntryPoint\",\"urlTemplate\":\"https:\/\/bluewaterfishing.eu\/?s={search_term_string}\"},\"query-input\":{\"@type\":\"PropertyValueSpecification\",\"valueRequired\":true,\"valueName\":\"search_term_string\"}}],\"inLanguage\":\"en-US\"}]}<\/script>\n<!-- \/ Yoast SEO plugin. -->","yoast_head_json":{"title":"Spain in general - BluewaterFishing","description":"Visit our Travelogues, Videos and Catch-Reports and find your perfect lure for the fish of your dreams.","robots":{"index":"index","follow":"follow","max-snippet":"max-snippet:-1","max-image-preview":"max-image-preview:large","max-video-preview":"max-video-preview:-1"},"canonical":"https:\/\/bluewaterfishing.eu\/?page_id=5749","og_locale":"en_US","og_type":"article","og_title":"Spain in general - BluewaterFishing","og_description":"Visit our Travelogues, Videos and Catch-Reports and find your perfect lure for the fish of your dreams.","og_url":"https:\/\/bluewaterfishing.eu\/?page_id=5749","og_site_name":"BluewaterFishing","article_publisher":"https:\/\/www.facebook.com\/BWF.eu","article_modified_time":"2018-01-07T21:19:59+00:00","og_image":[{"width":1068,"height":752,"url":"https:\/\/bluewaterfishing.eu\/wp-content\/uploads\/2018\/01\/Bildschirmfoto-2018-01-07-um-18.32.34.png","type":"image\/png"}],"twitter_card":"summary_large_image","twitter_misc":{"Est. reading time":"10 minutes"},"schema":{"@context":"https:\/\/schema.org","@graph":[{"@type":"WebPage","@id":"https:\/\/bluewaterfishing.eu\/?page_id=5749","url":"https:\/\/bluewaterfishing.eu\/?page_id=5749","name":"Spain in general - BluewaterFishing","isPartOf":{"@id":"https:\/\/bluewaterfishing.eu\/#website"},"primaryImageOfPage":{"@id":"https:\/\/bluewaterfishing.eu\/?page_id=5749#primaryimage"},"image":{"@id":"https:\/\/bluewaterfishing.eu\/?page_id=5749#primaryimage"},"thumbnailUrl":"https:\/\/bluewaterfishing.eu\/wp-content\/uploads\/2018\/01\/Bildschirmfoto-2018-01-07-um-18.32.34.png","datePublished":"2017-12-28T12:42:07+00:00","dateModified":"2018-01-07T21:19:59+00:00","description":"Visit our Travelogues, Videos and Catch-Reports and find your perfect lure for the fish of your dreams.","breadcrumb":{"@id":"https:\/\/bluewaterfishing.eu\/?page_id=5749#breadcrumb"},"inLanguage":"en-US","potentialAction":[{"@type":"ReadAction","target":["https:\/\/bluewaterfishing.eu\/?page_id=5749"]}]},{"@type":"ImageObject","inLanguage":"en-US","@id":"https:\/\/bluewaterfishing.eu\/?page_id=5749#primaryimage","url":"https:\/\/bluewaterfishing.eu\/wp-content\/uploads\/2018\/01\/Bildschirmfoto-2018-01-07-um-18.32.34.png","contentUrl":"https:\/\/bluewaterfishing.eu\/wp-content\/uploads\/2018\/01\/Bildschirmfoto-2018-01-07-um-18.32.34.png","width":1068,"height":752},{"@type":"BreadcrumbList","@id":"https:\/\/bluewaterfishing.eu\/?page_id=5749#breadcrumb","itemListElement":[{"@type":"ListItem","position":1,"name":"Startseite","item":"https:\/\/bluewaterfishing.eu\/en\/"},{"@type":"ListItem","position":2,"name":"Travelogues","item":"https:\/\/bluewaterfishing.eu\/reiseberichte\/"},{"@type":"ListItem","position":3,"name":"Spain","item":"https:\/\/bluewaterfishing.eu\/?page_id=5746"},{"@type":"ListItem","position":4,"name":"Spain in general"}]},{"@type":"WebSite","@id":"https:\/\/bluewaterfishing.eu\/#website","url":"https:\/\/bluewaterfishing.eu\/","name":"BluewaterFishing","description":"","potentialAction":[{"@type":"SearchAction","target":{"@type":"EntryPoint","urlTemplate":"https:\/\/bluewaterfishing.eu\/?s={search_term_string}"},"query-input":{"@type":"PropertyValueSpecification","valueRequired":true,"valueName":"search_term_string"}}],"inLanguage":"en-US"}]}},"_links":{"self":[{"href":"https:\/\/bluewaterfishing.eu\/en\/wp-json\/wp\/v2\/pages\/17661","targetHints":{"allow":["GET"]}}],"collection":[{"href":"https:\/\/bluewaterfishing.eu\/en\/wp-json\/wp\/v2\/pages"}],"about":[{"href":"https:\/\/bluewaterfishing.eu\/en\/wp-json\/wp\/v2\/types\/page"}],"author":[{"embeddable":true,"href":"https:\/\/bluewaterfishing.eu\/en\/wp-json\/wp\/v2\/users\/1575"}],"replies":[{"embeddable":true,"href":"https:\/\/bluewaterfishing.eu\/en\/wp-json\/wp\/v2\/comments?post=17661"}],"version-history":[{"count":2,"href":"https:\/\/bluewaterfishing.eu\/en\/wp-json\/wp\/v2\/pages\/17661\/revisions"}],"predecessor-version":[{"id":17663,"href":"https:\/\/bluewaterfishing.eu\/en\/wp-json\/wp\/v2\/pages\/17661\/revisions\/17663"}],"up":[{"embeddable":true,"href":"https:\/\/bluewaterfishing.eu\/en\/wp-json\/wp\/v2\/pages\/17477"}],"wp:featuredmedia":[{"embeddable":true,"href":"https:\/\/bluewaterfishing.eu\/en\/wp-json\/wp\/v2\/media\/17259"}],"wp:attachment":[{"href":"https:\/\/bluewaterfishing.eu\/en\/wp-json\/wp\/v2\/media?parent=17661"}],"curies":[{"name":"wp","href":"https:\/\/api.w.org\/{rel}","templated":true}]}}