{"id":17624,"date":"2017-12-28T13:29:02","date_gmt":"2017-12-28T12:29:02","guid":{"rendered":"http:\/\/bwf-neu.zephir.digital\/travelogues\/rodrigues\/rodrigues-allgemein\/"},"modified":"2018-01-10T11:19:03","modified_gmt":"2018-01-10T10:19:03","slug":"rodrigues-allgemein","status":"publish","type":"page","link":"https:\/\/bluewaterfishing.eu\/en\/travelogues\/rodrigues\/rodrigues-allgemein\/","title":{"rendered":"Rodrigues allgemein"},"content":{"rendered":"\t<div class=\"img has-hover x md-x lg-x y md-y lg-y\" id=\"image_1188227913\">\n\t\t\t\t\t\t\t\t<div class=\"img-inner image-cover dark\" style=\"padding-top:400px;\">\n\t\t\t<img loading=\"lazy\" decoding=\"async\" width=\"1000\" height=\"767\" src=\"https:\/\/bluewaterfishing.eu\/wp-content\/uploads\/2018\/01\/Bildschirmfoto-2018-01-06-um-22.27.18-1000x767.png\" class=\"attachment-large size-large\" alt=\"\" srcset=\"https:\/\/bluewaterfishing.eu\/wp-content\/uploads\/2018\/01\/Bildschirmfoto-2018-01-06-um-22.27.18-1000x767.png 1000w, https:\/\/bluewaterfishing.eu\/wp-content\/uploads\/2018\/01\/Bildschirmfoto-2018-01-06-um-22.27.18-400x307.png 400w, https:\/\/bluewaterfishing.eu\/wp-content\/uploads\/2018\/01\/Bildschirmfoto-2018-01-06-um-22.27.18-768x589.png 768w, https:\/\/bluewaterfishing.eu\/wp-content\/uploads\/2018\/01\/Bildschirmfoto-2018-01-06-um-22.27.18-500x384.png 500w, https:\/\/bluewaterfishing.eu\/wp-content\/uploads\/2018\/01\/Bildschirmfoto-2018-01-06-um-22.27.18-600x460.png 600w, https:\/\/bluewaterfishing.eu\/wp-content\/uploads\/2018\/01\/Bildschirmfoto-2018-01-06-um-22.27.18.png 1116w\" sizes=\"auto, (max-width: 1000px) 100vw, 1000px\" \/>\t\t\t\t\t\t\n\t\t\t\t\t<\/div>\n\t\t\t\t\t\t\t\t\n<style>\n#image_1188227913 {\n  width: 100%;\n}\n<\/style>\n\t<\/div>\n\t\n<div class=\"slider-wrapper relative\" id=\"slider-2110655666\" >\n    <div class=\"slider slider-nav-circle slider-nav-large slider-nav-light slider-style-normal\"\n        data-flickity-options='{\n            \"cellAlign\": \"center\",\n            \"imagesLoaded\": true,\n            \"lazyLoad\": 1,\n            \"freeScroll\": false,\n            \"wrapAround\": true,\n            \"autoPlay\": 6000,\n            \"pauseAutoPlayOnHover\" : true,\n            \"prevNextButtons\": true,\n            \"contain\" : true,\n            \"adaptiveHeight\" : true,\n            \"dragThreshold\" : 10,\n            \"percentPosition\": true,\n            \"pageDots\": true,\n            \"rightToLeft\": false,\n            \"draggable\": true,\n            \"selectedAttraction\": 0.1,\n            \"parallax\" : 0,\n            \"friction\": 0.6        }'\n        >\n        \n     <\/div>\n\n     <div class=\"loading-spin dark large centered\"><\/div>\n\n\t<\/div>\n\n\n\t<div id=\"gap-1403608094\" class=\"gap-element clearfix\" style=\"display:block; height:auto;\">\n\t\t\n<style>\n#gap-1403608094 {\n  padding-top: 30px;\n}\n<\/style>\n\t<\/div>\n\t\n<h1>Rodrigues &#8211; Grand Carongue<\/h1>\n<h3>\u00bbRiffangeln\u00ab<\/h3>\n<h3>Wir sind am \u201eEnde der Welt\u201c angekommen.<\/h3>\n<p>Es hei\u00dft Rodrigues, liegt 290 Seemeilen \u00f6stlich von Mauritius, ist 18 x 8 km gro\u00df und z\u00e4hlt 35.000 Einwohner. Eine mehr als doppelt so gro\u00dfe, schillernd blaue Lagune schlie\u00dft die Insel ein. Ein paradiesischer Anblick, an einigen Stellen ist das Korallenriff bis zu sieben Kilometer vom Ufer entfernt und es riecht nach Fisch. Stephan hat alles organisiert und ich wei\u00df was mich erwartet \u2013 Angeln rund um die Uhr. Stephan: \u201eWenn wir mal da sind, darf die Leine nicht trocken werden\u201c. F\u00fcnf Tage haben wir die Dorado I gechartert. Wir haben das Gef\u00fchl ein \u201ejungfr\u00e4uliches\u201c Revier zu durchstreifen. Wir fangen gro\u00dfe Goldmakrelen, Wahoos, Gelbflossenthune und sogar einen Hundezahnthun. Die Fische bei\u00dfen den ganzen Tag \u00fcber und sind nicht w\u00e4hlerisch. Auch Segelfische interessieren sich f\u00fcr unsere Kunstk\u00f6der. Leider bekommt man hier keine Baloas oder andere K\u00f6derfische. Mit \u201ePlastik\u201c auf Sail ist schwierig bzw. Gl\u00fcckssache.<\/p>\n\t<div class=\"img has-hover x md-x lg-x y md-y lg-y\" id=\"image_649848107\">\n\t\t\t\t\t\t\t\t<div class=\"img-inner dark\" style=\"margin:0px 0px 30px 0px;\">\n\t\t\t<img loading=\"lazy\" decoding=\"async\" width=\"503\" height=\"650\" src=\"https:\/\/bluewaterfishing.eu\/wp-content\/uploads\/2018\/01\/2c9a146948.jpg\" class=\"attachment-large size-large\" alt=\"\" srcset=\"https:\/\/bluewaterfishing.eu\/wp-content\/uploads\/2018\/01\/2c9a146948.jpg 503w, https:\/\/bluewaterfishing.eu\/wp-content\/uploads\/2018\/01\/2c9a146948-500x646.jpg 500w, https:\/\/bluewaterfishing.eu\/wp-content\/uploads\/2018\/01\/2c9a146948-387x500.jpg 387w, https:\/\/bluewaterfishing.eu\/wp-content\/uploads\/2018\/01\/2c9a146948-464x600.jpg 464w\" sizes=\"auto, (max-width: 503px) 100vw, 503px\" \/>\t\t\t\t\t\t\n\t\t\t\t\t<\/div>\n\t\t\t\t\t\t\t\t\n<style>\n#image_649848107 {\n  width: 100%;\n}\n<\/style>\n\t<\/div>\n\t\n<h3>\u00a0<\/h3>\n<h3>Marlinsaison ist im Februar und M\u00e4rz.<\/h3>\n<p>Trotzdem f\u00e4ngt ein anderes Boot zwei Blues mit 180 und 350 lb. Bei unseren Offshore-Ausfahrten erreichen wir schnell das \u201eKlassenziel\u201c. Aber Stephan hat selbstverst\u00e4ndlich auch unsere Abende \u201everplant\u201c. Zur\u00fcck im Hotel wird das Offshore-Ger\u00e4t mit dem Inshore-Ger\u00e4t vertauscht und ohne Pause geht es weiter. Jean unser Guide wartet schon. Flut \u2013 wir m\u00fcssen an die Riffkante. Mit Full Speed geht es mit unserem 5-m-Boot in einen Kanal, der sich von der offenen See kommend wie ein Fluss durch das Riff schl\u00e4ngelt. Noch wissen wir nicht, was uns erwartet und haben deshalb leichtes und mittleres Ger\u00e4t mitgenommen. Jean schiebt das \u201eleichte Zeug\u201c zur Seite deutet auf die 30er: \u201eGrand Carangue\u201c gleichzeitig zieht er ein gro\u00dfes Gaff unter der Sitzbank hervor. Wir schauen uns verwundert an und versuchen herauszubekommen was \u201eCarongue\u201c bedeutet. Langsam d\u00e4mmert uns, dass es sich um Giant Trevallies handeln muss. Das kann ja lustig werden! Wir schleppen die erste Runde, die Rappalas laufen in der richtigen Tiefe und Geschwindigkeit. Jean zeigt auf seine Uhr: \u201eCarongue&#8230; cinq heur et demi\u201c und tats\u00e4chlich, kurz vor halb pfeifen die Rollen los \u2013 angesagter Doppelstrike! Der \u201eErnstfall\u201c ist eingetreten. Wir haben Riffische gehakt, die sich nicht sonderlich beeindrucken lassen. Mein Fisch schlitzt nach zehn Minuten aus. Stephan f\u00e4ngt seinen, Jean: \u201eCarongue cinquante livres\u201c. Es ist tats\u00e4chlich ein Giant Trevally. Bis zur Dunkelheit verlieren wir noch 2 Gro\u00dfe und fangen 3 Mittlere. Unser Problem, nach dem Strike schwimmen die Monster meist in den Kanal bzw. ins Riff und unsere Wobbler oder Vorf\u00e4cher landen in den Korallen oder Felsen. Am n\u00e4chsten Tag \u00e4ndern wir unsere Strategie drillen mit gr\u00f6\u00dferer Bremseinstellung. Es funktioniert, 2 Monster drehen um und versuchen die offene See zu erreichen. Jetzt haben wir eine Chance. Dort warten aber andere Probleme. Jean muss den Fischen folgen und gleichzeitig aufpassen, dass wir nicht in den \u201eewigen Fischgr\u00fcnde\u201c enden.<\/p>\n\t<div class=\"img has-hover x md-x lg-x y md-y lg-y\" id=\"image_1676285858\">\n\t\t\t\t\t\t\t\t<div class=\"img-inner dark\" style=\"margin:0px 0px 30px 0px;\">\n\t\t\t<img loading=\"lazy\" decoding=\"async\" width=\"451\" height=\"1024\" src=\"https:\/\/bluewaterfishing.eu\/wp-content\/uploads\/2018\/01\/330a144309-451x1024.jpg\" class=\"attachment-large size-large\" alt=\"\" srcset=\"https:\/\/bluewaterfishing.eu\/wp-content\/uploads\/2018\/01\/330a144309-451x1024.jpg 451w, https:\/\/bluewaterfishing.eu\/wp-content\/uploads\/2018\/01\/330a144309-500x1135.jpg 500w, https:\/\/bluewaterfishing.eu\/wp-content\/uploads\/2018\/01\/330a144309-220x500.jpg 220w, https:\/\/bluewaterfishing.eu\/wp-content\/uploads\/2018\/01\/330a144309-352x800.jpg 352w, https:\/\/bluewaterfishing.eu\/wp-content\/uploads\/2018\/01\/330a144309-264x600.jpg 264w, https:\/\/bluewaterfishing.eu\/wp-content\/uploads\/2018\/01\/330a144309.jpg 503w\" sizes=\"auto, (max-width: 451px) 100vw, 451px\" \/>\t\t\t\t\t\t\n\t\t\t\t\t<\/div>\n\t\t\t\t\t\t\t\t\n<style>\n#image_1676285858 {\n  width: 100%;\n}\n<\/style>\n\t<\/div>\n\t\n<div class=\"csc-textpic-text\">\n<p>Hohe Wellen und ein Riff, da mischt der Teufel die Karten! Au\u00dfer, dass uns das Wasser beim Hals rein und bei den F\u00fc\u00dfen wieder rauslief, ist Poseidon sei Dank nichts passiert.<\/p>\n<p>Bei jeder Ausfahrt hakten wir zwischen 10 und 20 Fische. Die gr\u00f6\u00dften: 4 Giant Trevallies 88, 105, 110 und 115 lb, 2 Big Eye Trevallies mit jeweils 25 lb und einen Bluefin Trevally mit 20 lb.Wir benutzten 20 und 30 lb Ausr\u00fcstungen. Wir erlebten, wie Trevallies beste Drillinge und Springringe aufbogen und Meereswobbler wie N\u00fcsse knackten. Mit Sicherheit verloren wir Fische bis 150 lb. Das Angeln im kleinen Boot unter solchen Bedingungen ist eine harte Angelegenheit. Unsere Absch\u00fcrfungen, Schnitte und blauen Flecke haben wir nicht gez\u00e4hlt. Auch mussten wir am Schluss tief in die Angelkiste greifen und \u201edas letzte Aufgebot\u201c montieren. Eins ist gewiss, Rodrigues wird uns bald und besser vorbereitet wiedersehen.<\/p>\n<p>Erst zu Hause stellten wir fest, den einen oder anderen \u201eWeltrekord\u201c gefangen zu haben.<\/p>\n<\/div>\n\t<div class=\"img has-hover x md-x lg-x y md-y lg-y\" id=\"image_1928378725\">\n\t\t\t\t\t\t\t\t<div class=\"img-inner dark\" style=\"margin:0px 0px 30px 0px;\">\n\t\t\t<img loading=\"lazy\" decoding=\"async\" width=\"768\" height=\"1024\" src=\"https:\/\/bluewaterfishing.eu\/wp-content\/uploads\/2018\/01\/2GTs-768x1024.jpg\" class=\"attachment-large size-large\" alt=\"\" srcset=\"https:\/\/bluewaterfishing.eu\/wp-content\/uploads\/2018\/01\/2GTs-768x1024.jpg 768w, https:\/\/bluewaterfishing.eu\/wp-content\/uploads\/2018\/01\/2GTs-500x667.jpg 500w, https:\/\/bluewaterfishing.eu\/wp-content\/uploads\/2018\/01\/2GTs-600x800.jpg 600w, https:\/\/bluewaterfishing.eu\/wp-content\/uploads\/2018\/01\/2GTs-375x500.jpg 375w, https:\/\/bluewaterfishing.eu\/wp-content\/uploads\/2018\/01\/2GTs.jpg 1518w\" sizes=\"auto, (max-width: 768px) 100vw, 768px\" \/>\t\t\t\t\t\t\n\t\t\t\t\t<\/div>\n\t\t\t\t\t\t\t\t\n<style>\n#image_1928378725 {\n  width: 100%;\n}\n<\/style>\n\t<\/div>\n\t\n\n  \n    <div class=\"row large-columns-4 medium-columns-3 small-columns-2 row-xsmall\" >\n  <div class=\"gallery-col col\" >\n          <div class=\"col-inner\">\n            <a class=\"image-lightbox lightbox-gallery\" href=\"https:\/\/bluewaterfishing.eu\/wp-content\/uploads\/2018\/01\/image012_05.jpg\" title=\"\">            <div class=\"box has-hover gallery-box box-default\">\n              <div class=\"box-image image-cover\" style=\"padding-top:150px;\">\n                <img loading=\"lazy\" decoding=\"async\" width=\"379\" height=\"366\" src=\"https:\/\/bluewaterfishing.eu\/wp-content\/uploads\/2018\/01\/image012_05.jpg\" class=\"attachment-medium size-medium\" alt=\"\" ids=\"16180,16184,16178,16182\" style=\"default\" col_spacing=\"xsmall\" image_height=\"150px\" \/>                                                              <\/div>\n              <div class=\"box-text text-left\" >\n                 <p><\/p>\n              <\/div>\n            <\/div>\n            <\/a>          <\/div>\n         <\/div><div class=\"gallery-col col\" >\n          <div class=\"col-inner\">\n            <a class=\"image-lightbox lightbox-gallery\" href=\"https:\/\/bluewaterfishing.eu\/wp-content\/uploads\/2018\/01\/a9510ae93d.jpg\" title=\"\">            <div class=\"box has-hover gallery-box box-default\">\n              <div class=\"box-image image-cover\" style=\"padding-top:150px;\">\n                <img loading=\"lazy\" decoding=\"async\" width=\"503\" height=\"337\" src=\"https:\/\/bluewaterfishing.eu\/wp-content\/uploads\/2018\/01\/a9510ae93d.jpg\" class=\"attachment-medium size-medium\" alt=\"\" ids=\"16180,16184,16178,16182\" style=\"default\" col_spacing=\"xsmall\" image_height=\"150px\" srcset=\"https:\/\/bluewaterfishing.eu\/wp-content\/uploads\/2018\/01\/a9510ae93d.jpg 503w, https:\/\/bluewaterfishing.eu\/wp-content\/uploads\/2018\/01\/a9510ae93d-500x335.jpg 500w\" sizes=\"auto, (max-width: 503px) 100vw, 503px\" \/>                                                              <\/div>\n              <div class=\"box-text text-left\" >\n                 <p><\/p>\n              <\/div>\n            <\/div>\n            <\/a>          <\/div>\n         <\/div><div class=\"gallery-col col\" >\n          <div class=\"col-inner\">\n            <a class=\"image-lightbox lightbox-gallery\" href=\"https:\/\/bluewaterfishing.eu\/wp-content\/uploads\/2018\/01\/b6c28e0408.jpg\" title=\"\">            <div class=\"box has-hover gallery-box box-default\">\n              <div class=\"box-image image-cover\" style=\"padding-top:150px;\">\n                <img loading=\"lazy\" decoding=\"async\" width=\"503\" height=\"491\" src=\"https:\/\/bluewaterfishing.eu\/wp-content\/uploads\/2018\/01\/b6c28e0408.jpg\" class=\"attachment-medium size-medium\" alt=\"\" ids=\"16180,16184,16178,16182\" style=\"default\" col_spacing=\"xsmall\" image_height=\"150px\" srcset=\"https:\/\/bluewaterfishing.eu\/wp-content\/uploads\/2018\/01\/b6c28e0408.jpg 503w, https:\/\/bluewaterfishing.eu\/wp-content\/uploads\/2018\/01\/b6c28e0408-500x488.jpg 500w\" sizes=\"auto, (max-width: 503px) 100vw, 503px\" \/>                                                              <\/div>\n              <div class=\"box-text text-left\" >\n                 <p><\/p>\n              <\/div>\n            <\/div>\n            <\/a>          <\/div>\n         <\/div><div class=\"gallery-col col\" >\n          <div class=\"col-inner\">\n            <a class=\"image-lightbox lightbox-gallery\" href=\"https:\/\/bluewaterfishing.eu\/wp-content\/uploads\/2018\/01\/image016_07.jpg\" title=\"\">            <div class=\"box has-hover gallery-box box-default\">\n              <div class=\"box-image image-cover\" style=\"padding-top:150px;\">\n                <img loading=\"lazy\" decoding=\"async\" width=\"299\" height=\"349\" src=\"https:\/\/bluewaterfishing.eu\/wp-content\/uploads\/2018\/01\/image016_07.jpg\" class=\"attachment-medium size-medium\" alt=\"\" ids=\"16180,16184,16178,16182\" style=\"default\" col_spacing=\"xsmall\" image_height=\"150px\" \/>                                                              <\/div>\n              <div class=\"box-text text-left\" >\n                 <p><\/p>\n              <\/div>\n            <\/div>\n            <\/a>          <\/div>\n         <\/div><\/div>\n","protected":false},"excerpt":{"rendered":"<p>Rodrigues &#8211; Grand Carongue \u00bbRiffangeln\u00ab Wir sind am \u201eEnde der Welt\u201c angekommen. Es hei\u00dft Rodrigues, liegt 290 Seemeilen \u00f6stlich von Mauritius, ist 18 x 8 km gro\u00df und z\u00e4hlt 35.000 Einwohner. Eine mehr als doppelt so gro\u00dfe, schillernd blaue Lagune schlie\u00dft die Insel ein. Ein paradiesischer Anblick, an einigen Stellen ist das Korallenriff bis zu [&#8230;]\n","protected":false},"author":1575,"featured_media":16174,"parent":17473,"menu_order":99,"comment_status":"closed","ping_status":"closed","template":"page-blank-sub-nav-vertical.php","meta":{"footnotes":""},"class_list":["post-17624","page","type-page","status-publish","has-post-thumbnail","hentry"],"yoast_head":"<!-- This site is optimized with the Yoast SEO plugin v27.0 - https:\/\/yoast.com\/product\/yoast-seo-wordpress\/ -->\n<title>Rodrigues allgemein - BluewaterFishing<\/title>\n<meta name=\"description\" content=\"Visit our Travelogues, Videos and Catch-Reports and find your perfect lure for the fish of your dreams.\" \/>\n<meta name=\"robots\" content=\"index, follow, max-snippet:-1, max-image-preview:large, max-video-preview:-1\" \/>\n<link rel=\"canonical\" href=\"https:\/\/bluewaterfishing.eu\/reiseberichte\/rodrigues\/rodrigues-allgemein\/\" \/>\n<meta property=\"og:locale\" content=\"en_US\" \/>\n<meta property=\"og:type\" content=\"article\" \/>\n<meta property=\"og:title\" content=\"Rodrigues allgemein - BluewaterFishing\" \/>\n<meta property=\"og:description\" content=\"Visit our Travelogues, Videos and Catch-Reports and find your perfect lure for the fish of your dreams.\" \/>\n<meta property=\"og:url\" content=\"https:\/\/bluewaterfishing.eu\/reiseberichte\/rodrigues\/rodrigues-allgemein\/\" \/>\n<meta property=\"og:site_name\" content=\"BluewaterFishing\" \/>\n<meta property=\"article:publisher\" content=\"https:\/\/www.facebook.com\/BWF.eu\" \/>\n<meta property=\"article:modified_time\" content=\"2018-01-10T10:19:03+00:00\" \/>\n<meta property=\"og:image\" content=\"https:\/\/bluewaterfishing.eu\/wp-content\/uploads\/2018\/01\/Bildschirmfoto-2018-01-06-um-22.27.18.png\" \/>\n\t<meta property=\"og:image:width\" content=\"1116\" \/>\n\t<meta property=\"og:image:height\" content=\"856\" \/>\n\t<meta property=\"og:image:type\" content=\"image\/png\" \/>\n<meta name=\"twitter:card\" content=\"summary_large_image\" \/>\n<meta name=\"twitter:label1\" content=\"Est. reading time\" \/>\n\t<meta name=\"twitter:data1\" content=\"3 minutes\" \/>\n<script type=\"application\/ld+json\" class=\"yoast-schema-graph\">{\"@context\":\"https:\/\/schema.org\",\"@graph\":[{\"@type\":\"WebPage\",\"@id\":\"https:\/\/bluewaterfishing.eu\/reiseberichte\/rodrigues\/rodrigues-allgemein\/\",\"url\":\"https:\/\/bluewaterfishing.eu\/reiseberichte\/rodrigues\/rodrigues-allgemein\/\",\"name\":\"Rodrigues allgemein - BluewaterFishing\",\"isPartOf\":{\"@id\":\"https:\/\/bluewaterfishing.eu\/#website\"},\"primaryImageOfPage\":{\"@id\":\"https:\/\/bluewaterfishing.eu\/reiseberichte\/rodrigues\/rodrigues-allgemein\/#primaryimage\"},\"image\":{\"@id\":\"https:\/\/bluewaterfishing.eu\/reiseberichte\/rodrigues\/rodrigues-allgemein\/#primaryimage\"},\"thumbnailUrl\":\"https:\/\/bluewaterfishing.eu\/wp-content\/uploads\/2018\/01\/Bildschirmfoto-2018-01-06-um-22.27.18.png\",\"datePublished\":\"2017-12-28T12:29:02+00:00\",\"dateModified\":\"2018-01-10T10:19:03+00:00\",\"description\":\"Visit our Travelogues, Videos and Catch-Reports and find your perfect lure for the fish of your dreams.\",\"breadcrumb\":{\"@id\":\"https:\/\/bluewaterfishing.eu\/reiseberichte\/rodrigues\/rodrigues-allgemein\/#breadcrumb\"},\"inLanguage\":\"en-US\",\"potentialAction\":[{\"@type\":\"ReadAction\",\"target\":[\"https:\/\/bluewaterfishing.eu\/reiseberichte\/rodrigues\/rodrigues-allgemein\/\"]}]},{\"@type\":\"ImageObject\",\"inLanguage\":\"en-US\",\"@id\":\"https:\/\/bluewaterfishing.eu\/reiseberichte\/rodrigues\/rodrigues-allgemein\/#primaryimage\",\"url\":\"https:\/\/bluewaterfishing.eu\/wp-content\/uploads\/2018\/01\/Bildschirmfoto-2018-01-06-um-22.27.18.png\",\"contentUrl\":\"https:\/\/bluewaterfishing.eu\/wp-content\/uploads\/2018\/01\/Bildschirmfoto-2018-01-06-um-22.27.18.png\",\"width\":1116,\"height\":856},{\"@type\":\"BreadcrumbList\",\"@id\":\"https:\/\/bluewaterfishing.eu\/reiseberichte\/rodrigues\/rodrigues-allgemein\/#breadcrumb\",\"itemListElement\":[{\"@type\":\"ListItem\",\"position\":1,\"name\":\"Startseite\",\"item\":\"https:\/\/bluewaterfishing.eu\/en\/\"},{\"@type\":\"ListItem\",\"position\":2,\"name\":\"Travelogues\",\"item\":\"https:\/\/bluewaterfishing.eu\/reiseberichte\/\"},{\"@type\":\"ListItem\",\"position\":3,\"name\":\"Rodrigues\",\"item\":\"https:\/\/bluewaterfishing.eu\/reiseberichte\/rodrigues\/\"},{\"@type\":\"ListItem\",\"position\":4,\"name\":\"Rodrigues allgemein\"}]},{\"@type\":\"WebSite\",\"@id\":\"https:\/\/bluewaterfishing.eu\/#website\",\"url\":\"https:\/\/bluewaterfishing.eu\/\",\"name\":\"BluewaterFishing\",\"description\":\"\",\"potentialAction\":[{\"@type\":\"SearchAction\",\"target\":{\"@type\":\"EntryPoint\",\"urlTemplate\":\"https:\/\/bluewaterfishing.eu\/?s={search_term_string}\"},\"query-input\":{\"@type\":\"PropertyValueSpecification\",\"valueRequired\":true,\"valueName\":\"search_term_string\"}}],\"inLanguage\":\"en-US\"}]}<\/script>\n<!-- \/ Yoast SEO plugin. -->","yoast_head_json":{"title":"Rodrigues allgemein - BluewaterFishing","description":"Visit our Travelogues, Videos and Catch-Reports and find your perfect lure for the fish of your dreams.","robots":{"index":"index","follow":"follow","max-snippet":"max-snippet:-1","max-image-preview":"max-image-preview:large","max-video-preview":"max-video-preview:-1"},"canonical":"https:\/\/bluewaterfishing.eu\/reiseberichte\/rodrigues\/rodrigues-allgemein\/","og_locale":"en_US","og_type":"article","og_title":"Rodrigues allgemein - BluewaterFishing","og_description":"Visit our Travelogues, Videos and Catch-Reports and find your perfect lure for the fish of your dreams.","og_url":"https:\/\/bluewaterfishing.eu\/reiseberichte\/rodrigues\/rodrigues-allgemein\/","og_site_name":"BluewaterFishing","article_publisher":"https:\/\/www.facebook.com\/BWF.eu","article_modified_time":"2018-01-10T10:19:03+00:00","og_image":[{"width":1116,"height":856,"url":"https:\/\/bluewaterfishing.eu\/wp-content\/uploads\/2018\/01\/Bildschirmfoto-2018-01-06-um-22.27.18.png","type":"image\/png"}],"twitter_card":"summary_large_image","twitter_misc":{"Est. reading time":"3 minutes"},"schema":{"@context":"https:\/\/schema.org","@graph":[{"@type":"WebPage","@id":"https:\/\/bluewaterfishing.eu\/reiseberichte\/rodrigues\/rodrigues-allgemein\/","url":"https:\/\/bluewaterfishing.eu\/reiseberichte\/rodrigues\/rodrigues-allgemein\/","name":"Rodrigues allgemein - BluewaterFishing","isPartOf":{"@id":"https:\/\/bluewaterfishing.eu\/#website"},"primaryImageOfPage":{"@id":"https:\/\/bluewaterfishing.eu\/reiseberichte\/rodrigues\/rodrigues-allgemein\/#primaryimage"},"image":{"@id":"https:\/\/bluewaterfishing.eu\/reiseberichte\/rodrigues\/rodrigues-allgemein\/#primaryimage"},"thumbnailUrl":"https:\/\/bluewaterfishing.eu\/wp-content\/uploads\/2018\/01\/Bildschirmfoto-2018-01-06-um-22.27.18.png","datePublished":"2017-12-28T12:29:02+00:00","dateModified":"2018-01-10T10:19:03+00:00","description":"Visit our Travelogues, Videos and Catch-Reports and find your perfect lure for the fish of your dreams.","breadcrumb":{"@id":"https:\/\/bluewaterfishing.eu\/reiseberichte\/rodrigues\/rodrigues-allgemein\/#breadcrumb"},"inLanguage":"en-US","potentialAction":[{"@type":"ReadAction","target":["https:\/\/bluewaterfishing.eu\/reiseberichte\/rodrigues\/rodrigues-allgemein\/"]}]},{"@type":"ImageObject","inLanguage":"en-US","@id":"https:\/\/bluewaterfishing.eu\/reiseberichte\/rodrigues\/rodrigues-allgemein\/#primaryimage","url":"https:\/\/bluewaterfishing.eu\/wp-content\/uploads\/2018\/01\/Bildschirmfoto-2018-01-06-um-22.27.18.png","contentUrl":"https:\/\/bluewaterfishing.eu\/wp-content\/uploads\/2018\/01\/Bildschirmfoto-2018-01-06-um-22.27.18.png","width":1116,"height":856},{"@type":"BreadcrumbList","@id":"https:\/\/bluewaterfishing.eu\/reiseberichte\/rodrigues\/rodrigues-allgemein\/#breadcrumb","itemListElement":[{"@type":"ListItem","position":1,"name":"Startseite","item":"https:\/\/bluewaterfishing.eu\/en\/"},{"@type":"ListItem","position":2,"name":"Travelogues","item":"https:\/\/bluewaterfishing.eu\/reiseberichte\/"},{"@type":"ListItem","position":3,"name":"Rodrigues","item":"https:\/\/bluewaterfishing.eu\/reiseberichte\/rodrigues\/"},{"@type":"ListItem","position":4,"name":"Rodrigues allgemein"}]},{"@type":"WebSite","@id":"https:\/\/bluewaterfishing.eu\/#website","url":"https:\/\/bluewaterfishing.eu\/","name":"BluewaterFishing","description":"","potentialAction":[{"@type":"SearchAction","target":{"@type":"EntryPoint","urlTemplate":"https:\/\/bluewaterfishing.eu\/?s={search_term_string}"},"query-input":{"@type":"PropertyValueSpecification","valueRequired":true,"valueName":"search_term_string"}}],"inLanguage":"en-US"}]}},"_links":{"self":[{"href":"https:\/\/bluewaterfishing.eu\/en\/wp-json\/wp\/v2\/pages\/17624","targetHints":{"allow":["GET"]}}],"collection":[{"href":"https:\/\/bluewaterfishing.eu\/en\/wp-json\/wp\/v2\/pages"}],"about":[{"href":"https:\/\/bluewaterfishing.eu\/en\/wp-json\/wp\/v2\/types\/page"}],"author":[{"embeddable":true,"href":"https:\/\/bluewaterfishing.eu\/en\/wp-json\/wp\/v2\/users\/1575"}],"replies":[{"embeddable":true,"href":"https:\/\/bluewaterfishing.eu\/en\/wp-json\/wp\/v2\/comments?post=17624"}],"version-history":[{"count":5,"href":"https:\/\/bluewaterfishing.eu\/en\/wp-json\/wp\/v2\/pages\/17624\/revisions"}],"predecessor-version":[{"id":18284,"href":"https:\/\/bluewaterfishing.eu\/en\/wp-json\/wp\/v2\/pages\/17624\/revisions\/18284"}],"up":[{"embeddable":true,"href":"https:\/\/bluewaterfishing.eu\/en\/wp-json\/wp\/v2\/pages\/17473"}],"wp:featuredmedia":[{"embeddable":true,"href":"https:\/\/bluewaterfishing.eu\/en\/wp-json\/wp\/v2\/media\/16174"}],"wp:attachment":[{"href":"https:\/\/bluewaterfishing.eu\/en\/wp-json\/wp\/v2\/media?parent=17624"}],"curies":[{"name":"wp","href":"https:\/\/api.w.org\/{rel}","templated":true}]}}