{"id":17591,"date":"2017-12-28T13:13:44","date_gmt":"2017-12-28T12:13:44","guid":{"rendered":"http:\/\/bwf-neu.zephir.digital\/travelogues\/mauritius\/mauritius-1998\/"},"modified":"2018-01-07T22:09:17","modified_gmt":"2018-01-07T21:09:17","slug":"mauritius-1998","status":"publish","type":"page","link":"https:\/\/bluewaterfishing.eu\/en\/travelogues\/mauritius\/mauritius-1998\/","title":{"rendered":"Mauritius 1998"},"content":{"rendered":"<div class=\"slider-wrapper relative\" id=\"slider-996435229\" >\n    <div class=\"slider slider-nav-circle slider-nav-large slider-nav-light slider-style-normal\"\n        data-flickity-options='{\n            \"cellAlign\": \"center\",\n            \"imagesLoaded\": true,\n            \"lazyLoad\": 1,\n            \"freeScroll\": false,\n            \"wrapAround\": true,\n            \"autoPlay\": 3000,\n            \"pauseAutoPlayOnHover\" : true,\n            \"prevNextButtons\": true,\n            \"contain\" : true,\n            \"adaptiveHeight\" : true,\n            \"dragThreshold\" : 10,\n            \"percentPosition\": true,\n            \"pageDots\": true,\n            \"rightToLeft\": false,\n            \"draggable\": true,\n            \"selectedAttraction\": 0.1,\n            \"parallax\" : 0,\n            \"friction\": 0.6        }'\n        >\n        \n\t<div class=\"img has-hover x md-x lg-x y md-y lg-y\" id=\"image_801698787\">\n\t\t\t\t\t\t\t\t<div class=\"img-inner image-cover dark\" style=\"padding-top:400px;\">\n\t\t\t<img loading=\"lazy\" decoding=\"async\" width=\"1000\" height=\"592\" src=\"https:\/\/bluewaterfishing.eu\/wp-content\/uploads\/2018\/01\/Bildschirmfoto-2018-01-05-um-12.21.06-1000x592.png\" class=\"attachment-large size-large\" alt=\"\" srcset=\"https:\/\/bluewaterfishing.eu\/wp-content\/uploads\/2018\/01\/Bildschirmfoto-2018-01-05-um-12.21.06-1000x592.png 1000w, https:\/\/bluewaterfishing.eu\/wp-content\/uploads\/2018\/01\/Bildschirmfoto-2018-01-05-um-12.21.06-400x237.png 400w, https:\/\/bluewaterfishing.eu\/wp-content\/uploads\/2018\/01\/Bildschirmfoto-2018-01-05-um-12.21.06-768x455.png 768w, https:\/\/bluewaterfishing.eu\/wp-content\/uploads\/2018\/01\/Bildschirmfoto-2018-01-05-um-12.21.06-500x296.png 500w, https:\/\/bluewaterfishing.eu\/wp-content\/uploads\/2018\/01\/Bildschirmfoto-2018-01-05-um-12.21.06-600x355.png 600w, https:\/\/bluewaterfishing.eu\/wp-content\/uploads\/2018\/01\/Bildschirmfoto-2018-01-05-um-12.21.06.png 1118w\" sizes=\"auto, (max-width: 1000px) 100vw, 1000px\" \/>\t\t\t\t\t\t\n\t\t\t\t\t<\/div>\n\t\t\t\t\t\t\t\t\n<style>\n#image_801698787 {\n  width: 100%;\n}\n<\/style>\n\t<\/div>\n\t\n\t<div class=\"img has-hover x md-x lg-x y md-y lg-y\" id=\"image_1268244216\">\n\t\t\t\t\t\t\t\t<div class=\"img-inner dark\" >\n\t\t\t<img loading=\"lazy\" decoding=\"async\" width=\"503\" height=\"222\" src=\"https:\/\/bluewaterfishing.eu\/wp-content\/uploads\/2018\/01\/2e1a74259f.jpg\" class=\"attachment-large size-large\" alt=\"\" srcset=\"https:\/\/bluewaterfishing.eu\/wp-content\/uploads\/2018\/01\/2e1a74259f.jpg 503w, https:\/\/bluewaterfishing.eu\/wp-content\/uploads\/2018\/01\/2e1a74259f-500x221.jpg 500w\" sizes=\"auto, (max-width: 503px) 100vw, 503px\" \/>\t\t\t\t\t\t\n\t\t\t\t\t<\/div>\n\t\t\t\t\t\t\t\t\n<style>\n#image_1268244216 {\n  width: 100%;\n}\n<\/style>\n\t<\/div>\n\t\n     <\/div>\n\n     <div class=\"loading-spin dark large centered\"><\/div>\n\n\t<\/div>\n\n\n\t<div id=\"gap-154999208\" class=\"gap-element clearfix\" style=\"display:block; height:auto;\">\n\t\t\n<style>\n#gap-154999208 {\n  padding-top: 30px;\n}\n<\/style>\n\t<\/div>\n\t\n<h1>Mauritius &#8211; The young man and the sea!<\/h1>\n<h3>\u00bbBlack Marlin vom kleinen Boot\u00ab<\/h3>\n<p>Rute, Kampfstuhl und Angler kaputt, die Leine ruiniert, Angelwunder gibt es immer wieder. Heute ist mir ein solches widerfahren. Der gr\u00f6\u00dfte Black Marlin, den ich je an der Angel hatte, ist besiegt und sicher l\u00e4ngsseits vert\u00e4ut. Jetzt nur noch ohne Zwischenfall nach Hause kommen. Mit starker Schlagseite schleichen wir in Richtung Black River. Letztes Jahr fing alles an, irgendwie fiel mir die kleine Emmanuelle sofort ins Auge. Zwar nur sechs Meter lang und ohne Sonnendach oder anderem Luxus, trotzdem hochseetauglich und mit zwei ordentlichen Auslegern ausgestattet \u2013 was will man mehr.<\/p>\n<p>Also charterte ich das Boot und versuchte mein Gl\u00fcck. Bereits bei der zweiten Ausfahrt hakte ich einen 500+ Marlin, leider aber an kleinem Lure und 50 lb Leine. Ich verlor ihn nach langem Drill \u2013 der Einfachhaken bog auf. Seit damals lie\u00df mich das kleine Boot nicht mehr los; wieder und wieder kamen mir die Bilder in Erinnerung. 8. Dezember 1998, 6.30 Uhr Ortszeit Black River Mauritius, die Bilder werden wieder zur Wirklichkeit; die Emmanuelle sticht mit Skipper Joachim und mir in die offene See. Der 50 PS Innenborder tuckert bed\u00e4chtig und mit kleiner Fahrt, Kurs 210\u00b0 SW, geht es in Richtung \u201eMarlinberg\u201c. Die gro\u00dfen Boote ziehen an uns vorbei, die Skipper und Crews winken her\u00fcber und wir w\u00fcnschen uns gegenseitig viel Gl\u00fcck. Einige \u201eGro\u00dffischj\u00e4ger\u201c zeigen auf uns und l\u00e4cheln mitleidig. Wir werden sehen wer zuletzt lacht! Heute wollen wir es mit Lebendk\u00f6der probieren. Fr\u00fch am Morgen trifft man meist vor der Le Morne-Landspitze auf Skip Jacks. Keine f\u00fcnf Seemeilen entfernt sichten wir die Ersten. Kleine Plastikskirts an 6\/0er Haken raus und ran an den Schwarm. Die dritte Runde \u2013 Viererstrike, zwei um 10 kg fangen wir. Beide kommen an der Panamamontage auf die 80er. Die Leine in die Outriggerklammern, die Fallen sind gestellt, das \u201egro\u00dfe Spiel\u201c beginnt. Gegen 10.00 Uhr rei\u00dft die Backbordleine heftig aus der Klammer. Leine laufen lassen, Harness an und Rute gesichert; Joachim gibt Vollgas, das Boot kommt richtig in Fahrt; abst\u00fctzen und Bremshebel vor in Strike-Position &#8230; was jetzt, Widerstand aber keine Flucht oder Sprung. Der Fisch nimmt nur wenig Leine. Joachim: \u201eMaybe Shark&#8230;\u201c, Schulterzucken. Der Widerstand ist zwar enorm aber nur die langsame Schwimmbewegung l\u00e4sst auf einen gr\u00f6\u00dferen Fisch schlie\u00dfen.<\/p>\n\t<div class=\"img has-hover x md-x lg-x y md-y lg-y\" id=\"image_868754514\">\n\t\t\t\t\t\t\t\t<div class=\"img-inner dark\" style=\"margin:0px 0px 30px 0px;\">\n\t\t\t<img loading=\"lazy\" decoding=\"async\" width=\"768\" height=\"1024\" src=\"https:\/\/bluewaterfishing.eu\/wp-content\/uploads\/2018\/01\/649black-768x1024.jpg\" class=\"attachment-large size-large\" alt=\"\" srcset=\"https:\/\/bluewaterfishing.eu\/wp-content\/uploads\/2018\/01\/649black-768x1024.jpg 768w, https:\/\/bluewaterfishing.eu\/wp-content\/uploads\/2018\/01\/649black-500x667.jpg 500w, https:\/\/bluewaterfishing.eu\/wp-content\/uploads\/2018\/01\/649black-600x800.jpg 600w, https:\/\/bluewaterfishing.eu\/wp-content\/uploads\/2018\/01\/649black-375x500.jpg 375w, https:\/\/bluewaterfishing.eu\/wp-content\/uploads\/2018\/01\/649black.jpg 1541w\" sizes=\"auto, (max-width: 768px) 100vw, 768px\" \/>\t\t\t\t\t\t\n\t\t\t\t\t<\/div>\n\t\t\t\t\t\t\t\t\n<style>\n#image_868754514 {\n  width: 100%;\n}\n<\/style>\n\t<\/div>\n\t\n<p>Jetzt f\u00e4llt uns auf, dass ich nicht den Fisch zum Boot, sondern das Boot zum Fisch ziehe; der Fisch hat uns ins Schlepptau genommen. Eine halbe Stunde ist vergangen, pl\u00f6tzlich geht ein heftiger Ruck durch Leine und Rute; beinahe hebt mich der Fisch aus dem \u201eKampfstuhl\u201c. Jetzt gibt er Vollgas, scheinbar hat er erst jetzt richtig bemerkt was Sache ist. Keine 15 Meter vor uns teilt sich das Wasser und ein m\u00e4chtiger schwarzer Marlin springt in ganzer L\u00e4nge aus dem Wasser. Er schl\u00e4gt mit seinem Schwert wild um sich und peitscht mit der sichelf\u00f6rmigen Schwanzflosse die Wasseroberfl\u00e4che. Seine Brustflossen hat er weit abgespreizt. Der Marlin kracht jetzt in unmittelbarer N\u00e4he ins Wasser; ein Wasserschwall trifft uns voll. Jetzt wird es richtig kritisch, der Fisch schie\u00dft geradewegs wie ein Torpedo auf uns zu. Joachim kann nicht mehr reagieren, der Marlin taucht unter dem Boot weg; ich komme gerade noch aus dem \u201eKampfstuhl\u201c und an Steuerbord kniend, versuche ich die Leine irgendwie unter dem Bootskiel zu halten. Das Boot hat zuviel Tiefgang und deutlich sp\u00fcre ich, wie die Leine am Bootsrumpf entlang schabt. Es will und will nicht enden, nach ca. 400 Meter bleibt er endlich stehen \u2013 er h\u00e4ngt noch. Jetzt m\u00fcssen wir die Leine unter dem Boot raus bekommen und uns wieder in eine gute Position bringen. Trotz Propeller, Ruderblatt&#8230; irgendwie schaffen wir es.<\/p>\n\t<div class=\"img has-hover x md-x lg-x y md-y lg-y\" id=\"image_503814545\">\n\t\t\t\t\t\t\t\t<div class=\"img-inner dark\" style=\"margin:0px 0px 30px 0px;\">\n\t\t\t<img loading=\"lazy\" decoding=\"async\" width=\"503\" height=\"222\" src=\"https:\/\/bluewaterfishing.eu\/wp-content\/uploads\/2018\/01\/2e1a74259f.jpg\" class=\"attachment-large size-large\" alt=\"\" srcset=\"https:\/\/bluewaterfishing.eu\/wp-content\/uploads\/2018\/01\/2e1a74259f.jpg 503w, https:\/\/bluewaterfishing.eu\/wp-content\/uploads\/2018\/01\/2e1a74259f-500x221.jpg 500w\" sizes=\"auto, (max-width: 503px) 100vw, 503px\" \/>\t\t\t\t\t\t\n\t\t\t\t\t<\/div>\n\t\t\t\t\t\t\t\t\n<style>\n#image_503814545 {\n  width: 100%;\n}\n<\/style>\n\t<\/div>\n\t\n<h3>Lage- und Schadensmeldung<\/h3>\n<p>Bei der Aktion habe ich mir Knie und H\u00e4nde blutig geschlagen, die Leine ist bestimmt auf mehrere hundert Meter aufgerauht; beinahe w\u00e4re ich samt Ausr\u00fcstung \u00fcber Bord gegangen. Zu allem \u00dcberflu\u00df ist noch der Rutenfu\u00df abgebrochen. Meine Chancen stehen schlecht, jammern nutzt nichts. Die Rute irgendwie zwischen die \u201eBeine\u201c geklemmt und ohne R\u00fccksicht auf Verluste, drille ich weiter. Die Leine l\u00e4uft jetzt schr\u00e4g in die Tiefe; Joachim f\u00e4hrt vom Fisch weg und versucht uns in einen besseren Winkel zu bringen. Was h\u00e4lt die Leine noch aus&#8230; hoffentlich bleibt der Marlin nicht in der Tiefe und stirbt&#8230; er ist einige Male gesprungen&#8230; ? R\u00fccken und Arme schmerzen; Drillen ohne Gimbal ist die H\u00f6lle. Irgendwie geht es doch und nach einer Stunde ist die Spule wieder fast voll. Meine Arme und Knie zittern; die R\u00fcckenschmerzen sind fast unertr\u00e4glich. Der Fisch zieht wieder Leine ab. Nach zwei Stunden, mein Gegen\u00fcber wird langsamer und kommt zur Wasseroberfl\u00e4che. Jetzt wittere ich meine Chance und gebe nochmals alles \u2013 auch ich bin an meiner physischen Belastbarkeit angelangt \u2013 endlich, der Fisch gibt auf. Er schwimmt jetzt, mehr tot als lebendig, an der Oberfl\u00e4che. Wir sind keine 20 Meter voneinander entfernt. Der starke Wind und die Str\u00f6mung treiben uns unweigerlich aufeinander zu. Wieder m\u00fcssen wir hilflos zuschauen, wie der Fisch unter das Boot ger\u00e4t. Ich schlie\u00dfe die Augen und erwarte den Abriss. Ich merke, wie sich irgendwo unter dem Boot die Doppelleine verheddert. Ich \u00f6ffne die Augen und schaue nach Joachim; der h\u00e4ngt \u00fcber der anderen Bootsseite und hat die Gaffleine fest gepackt. Geistesgegenw\u00e4rtig hat er im kritischsten Moment aufgepa\u00dft und blitzschnell das Gaff sicher gesetzt. Wir k\u00f6nnen unser Gl\u00fcck kaum fassen und freuen uns riesig. Nach drei Stunden auf Biegen und Brechen ist der Spuk vorbei und nach einer Verschnaufpause vert\u00e4uen wir mit vereinten Kr\u00e4ften einen gro\u00dfen Black Marlin. Joachim sch\u00e4tzt die Entfernung, die wir mit dem Marlin zur\u00fccklegten, auf ca. 12 Seemeilen! Zur\u00fcck in Black River bleibt die Waage bei 649 lb stehen. Die Leine war auf ca. 300 Meter aufgerauht und hielt gerade noch 10 kg.<\/p>\n\n  \n    <div class=\"row large-columns-4 medium-columns-3 small-columns-2 row-xsmall\" >\n  <div class=\"gallery-col col\" >\n          <div class=\"col-inner\">\n            <a class=\"image-lightbox lightbox-gallery\" href=\"https:\/\/bluewaterfishing.eu\/wp-content\/uploads\/2018\/01\/14f42ba617.jpg\" title=\"\">            <div class=\"box has-hover gallery-box box-default\">\n              <div class=\"box-image image-cover\" style=\"padding-top:150px;\">\n                <img loading=\"lazy\" decoding=\"async\" width=\"503\" height=\"343\" src=\"https:\/\/bluewaterfishing.eu\/wp-content\/uploads\/2018\/01\/14f42ba617.jpg\" class=\"attachment-medium size-medium\" alt=\"\" ids=\"14227,14225,14239,14221\" style=\"default\" col_spacing=\"xsmall\" image_height=\"150px\" srcset=\"https:\/\/bluewaterfishing.eu\/wp-content\/uploads\/2018\/01\/14f42ba617.jpg 503w, https:\/\/bluewaterfishing.eu\/wp-content\/uploads\/2018\/01\/14f42ba617-500x341.jpg 500w\" sizes=\"auto, (max-width: 503px) 100vw, 503px\" \/>                                                              <\/div>\n              <div class=\"box-text text-left\" >\n                 <p><\/p>\n              <\/div>\n            <\/div>\n            <\/a>          <\/div>\n         <\/div><div class=\"gallery-col col\" >\n          <div class=\"col-inner\">\n            <a class=\"image-lightbox lightbox-gallery\" href=\"https:\/\/bluewaterfishing.eu\/wp-content\/uploads\/2018\/01\/28f5721738.jpg\" title=\"\">            <div class=\"box has-hover gallery-box box-default\">\n              <div class=\"box-image image-cover\" style=\"padding-top:150px;\">\n                <img loading=\"lazy\" decoding=\"async\" width=\"503\" height=\"223\" src=\"https:\/\/bluewaterfishing.eu\/wp-content\/uploads\/2018\/01\/28f5721738.jpg\" class=\"attachment-medium size-medium\" alt=\"\" ids=\"14227,14225,14239,14221\" style=\"default\" col_spacing=\"xsmall\" image_height=\"150px\" srcset=\"https:\/\/bluewaterfishing.eu\/wp-content\/uploads\/2018\/01\/28f5721738.jpg 503w, https:\/\/bluewaterfishing.eu\/wp-content\/uploads\/2018\/01\/28f5721738-500x222.jpg 500w\" sizes=\"auto, (max-width: 503px) 100vw, 503px\" \/>                                                              <\/div>\n              <div class=\"box-text text-left\" >\n                 <p><\/p>\n              <\/div>\n            <\/div>\n            <\/a>          <\/div>\n         <\/div><div class=\"gallery-col col\" >\n          <div class=\"col-inner\">\n            <a class=\"image-lightbox lightbox-gallery\" href=\"https:\/\/bluewaterfishing.eu\/wp-content\/uploads\/2018\/01\/649black-1-1.jpg\" title=\"\">            <div class=\"box has-hover gallery-box box-default\">\n              <div class=\"box-image image-cover\" style=\"padding-top:150px;\">\n                <img loading=\"lazy\" decoding=\"async\" width=\"450\" height=\"600\" src=\"https:\/\/bluewaterfishing.eu\/wp-content\/uploads\/2018\/01\/649black-1-1.jpg\" class=\"attachment-medium size-medium\" alt=\"\" ids=\"14227,14225,14239,14221\" style=\"default\" col_spacing=\"xsmall\" image_height=\"150px\" srcset=\"https:\/\/bluewaterfishing.eu\/wp-content\/uploads\/2018\/01\/649black-1-1.jpg 900w, https:\/\/bluewaterfishing.eu\/wp-content\/uploads\/2018\/01\/649black-1-1-500x667.jpg 500w, https:\/\/bluewaterfishing.eu\/wp-content\/uploads\/2018\/01\/649black-1-1-600x800.jpg 600w\" sizes=\"auto, (max-width: 450px) 100vw, 450px\" \/>                                                              <\/div>\n              <div class=\"box-text text-left\" >\n                 <p><\/p>\n              <\/div>\n            <\/div>\n            <\/a>          <\/div>\n         <\/div><div class=\"gallery-col col\" >\n          <div class=\"col-inner\">\n            <a class=\"image-lightbox lightbox-gallery\" href=\"https:\/\/bluewaterfishing.eu\/wp-content\/uploads\/2018\/01\/233233fdcb.jpg\" title=\"\">            <div class=\"box has-hover gallery-box box-default\">\n              <div class=\"box-image image-cover\" style=\"padding-top:150px;\">\n                <img loading=\"lazy\" decoding=\"async\" width=\"503\" height=\"211\" src=\"https:\/\/bluewaterfishing.eu\/wp-content\/uploads\/2018\/01\/233233fdcb.jpg\" class=\"attachment-medium size-medium\" alt=\"\" ids=\"14227,14225,14239,14221\" style=\"default\" col_spacing=\"xsmall\" image_height=\"150px\" srcset=\"https:\/\/bluewaterfishing.eu\/wp-content\/uploads\/2018\/01\/233233fdcb.jpg 503w, https:\/\/bluewaterfishing.eu\/wp-content\/uploads\/2018\/01\/233233fdcb-500x210.jpg 500w\" sizes=\"auto, (max-width: 503px) 100vw, 503px\" \/>                                                              <\/div>\n              <div class=\"box-text text-left\" >\n                 <p><\/p>\n              <\/div>\n            <\/div>\n            <\/a>          <\/div>\n         <\/div><\/div>\n<h3>Res\u00fcmee<\/h3>\n<p>Gro\u00dfes Lob und Anerkennung an meinen Skipper Joachim. Er hat mit seiner Erfahrung und seinem K\u00f6nnen letztendlich den Erfolg gesichert. Er war immer hellwach und hat alles versucht, um meine oft aussichtslose Situation zu verbessern. Ihm steht mindestens der halbe Anteil am Erfolg zu.<\/p>\n<p>F\u00fcr mich ist nach wie vor das Angeln mit kleinem Boot bzw. der Mythos, den Ernest Hemingway mit seinem Roman: \u201eThe old Man and the Sea\u201c schuf, die Herausforderung beim Meeresangeln schlechthin. Mut, handwerkliches Geschick, Geduld, Z\u00e4higkeit, die n\u00f6tige Portion Gl\u00fcck und dann noch einen Skipper wie Joachim und der Tag wird erfolgreich enden.<\/p>\n<p>Stephan Kreupl im Dezember 1998<\/p>\n","protected":false},"excerpt":{"rendered":"<p>Mauritius &#8211; The young man and the sea! \u00bbBlack Marlin vom kleinen Boot\u00ab Rute, Kampfstuhl und Angler kaputt, die Leine ruiniert, Angelwunder gibt es immer wieder. Heute ist mir ein solches widerfahren. Der gr\u00f6\u00dfte Black Marlin, den ich je an der Angel hatte, ist besiegt und sicher l\u00e4ngsseits vert\u00e4ut. Jetzt nur noch ohne Zwischenfall nach [&#8230;]\n","protected":false},"author":1575,"featured_media":14236,"parent":17467,"menu_order":98,"comment_status":"closed","ping_status":"closed","template":"page-blank-sub-nav-vertical.php","meta":{"footnotes":""},"class_list":["post-17591","page","type-page","status-publish","has-post-thumbnail","hentry"],"yoast_head":"<!-- This site is optimized with the Yoast SEO plugin v27.0 - https:\/\/yoast.com\/product\/yoast-seo-wordpress\/ -->\n<title>Mauritius 1998 - BluewaterFishing<\/title>\n<meta name=\"description\" content=\"Visit our Travelogues, Videos and Catch-Reports and find your perfect lure for the fish of your dreams.\" \/>\n<meta name=\"robots\" content=\"index, follow, max-snippet:-1, max-image-preview:large, max-video-preview:-1\" \/>\n<link rel=\"canonical\" href=\"https:\/\/bluewaterfishing.eu\/reiseberichte\/mauritius\/mauritius-1998\/\" \/>\n<meta property=\"og:locale\" content=\"en_US\" \/>\n<meta property=\"og:type\" content=\"article\" \/>\n<meta property=\"og:title\" content=\"Mauritius 1998 - BluewaterFishing\" \/>\n<meta property=\"og:description\" content=\"Visit our Travelogues, Videos and Catch-Reports and find your perfect lure for the fish of your dreams.\" \/>\n<meta property=\"og:url\" content=\"https:\/\/bluewaterfishing.eu\/reiseberichte\/mauritius\/mauritius-1998\/\" \/>\n<meta property=\"og:site_name\" content=\"BluewaterFishing\" \/>\n<meta property=\"article:publisher\" content=\"https:\/\/www.facebook.com\/BWF.eu\" \/>\n<meta property=\"article:modified_time\" content=\"2018-01-07T21:09:17+00:00\" \/>\n<meta property=\"og:image\" content=\"https:\/\/bluewaterfishing.eu\/wp-content\/uploads\/2018\/01\/Bildschirmfoto-2018-01-05-um-12.21.06.png\" \/>\n\t<meta property=\"og:image:width\" content=\"1118\" \/>\n\t<meta property=\"og:image:height\" content=\"662\" \/>\n\t<meta property=\"og:image:type\" content=\"image\/png\" \/>\n<meta name=\"twitter:card\" content=\"summary_large_image\" \/>\n<meta name=\"twitter:label1\" content=\"Est. reading time\" \/>\n\t<meta name=\"twitter:data1\" content=\"6 minutes\" \/>\n<script type=\"application\/ld+json\" class=\"yoast-schema-graph\">{\"@context\":\"https:\/\/schema.org\",\"@graph\":[{\"@type\":\"WebPage\",\"@id\":\"https:\/\/bluewaterfishing.eu\/reiseberichte\/mauritius\/mauritius-1998\/\",\"url\":\"https:\/\/bluewaterfishing.eu\/reiseberichte\/mauritius\/mauritius-1998\/\",\"name\":\"Mauritius 1998 - BluewaterFishing\",\"isPartOf\":{\"@id\":\"https:\/\/bluewaterfishing.eu\/#website\"},\"primaryImageOfPage\":{\"@id\":\"https:\/\/bluewaterfishing.eu\/reiseberichte\/mauritius\/mauritius-1998\/#primaryimage\"},\"image\":{\"@id\":\"https:\/\/bluewaterfishing.eu\/reiseberichte\/mauritius\/mauritius-1998\/#primaryimage\"},\"thumbnailUrl\":\"https:\/\/bluewaterfishing.eu\/wp-content\/uploads\/2018\/01\/Bildschirmfoto-2018-01-05-um-12.21.06.png\",\"datePublished\":\"2017-12-28T12:13:44+00:00\",\"dateModified\":\"2018-01-07T21:09:17+00:00\",\"description\":\"Visit our Travelogues, Videos and Catch-Reports and find your perfect lure for the fish of your dreams.\",\"breadcrumb\":{\"@id\":\"https:\/\/bluewaterfishing.eu\/reiseberichte\/mauritius\/mauritius-1998\/#breadcrumb\"},\"inLanguage\":\"en-US\",\"potentialAction\":[{\"@type\":\"ReadAction\",\"target\":[\"https:\/\/bluewaterfishing.eu\/reiseberichte\/mauritius\/mauritius-1998\/\"]}]},{\"@type\":\"ImageObject\",\"inLanguage\":\"en-US\",\"@id\":\"https:\/\/bluewaterfishing.eu\/reiseberichte\/mauritius\/mauritius-1998\/#primaryimage\",\"url\":\"https:\/\/bluewaterfishing.eu\/wp-content\/uploads\/2018\/01\/Bildschirmfoto-2018-01-05-um-12.21.06.png\",\"contentUrl\":\"https:\/\/bluewaterfishing.eu\/wp-content\/uploads\/2018\/01\/Bildschirmfoto-2018-01-05-um-12.21.06.png\",\"width\":1118,\"height\":662},{\"@type\":\"BreadcrumbList\",\"@id\":\"https:\/\/bluewaterfishing.eu\/reiseberichte\/mauritius\/mauritius-1998\/#breadcrumb\",\"itemListElement\":[{\"@type\":\"ListItem\",\"position\":1,\"name\":\"Startseite\",\"item\":\"https:\/\/bluewaterfishing.eu\/en\/\"},{\"@type\":\"ListItem\",\"position\":2,\"name\":\"Travelogues\",\"item\":\"https:\/\/bluewaterfishing.eu\/reiseberichte\/\"},{\"@type\":\"ListItem\",\"position\":3,\"name\":\"Mauritius\",\"item\":\"https:\/\/bluewaterfishing.eu\/reiseberichte\/mauritius\/\"},{\"@type\":\"ListItem\",\"position\":4,\"name\":\"Mauritius 1998\"}]},{\"@type\":\"WebSite\",\"@id\":\"https:\/\/bluewaterfishing.eu\/#website\",\"url\":\"https:\/\/bluewaterfishing.eu\/\",\"name\":\"BluewaterFishing\",\"description\":\"\",\"potentialAction\":[{\"@type\":\"SearchAction\",\"target\":{\"@type\":\"EntryPoint\",\"urlTemplate\":\"https:\/\/bluewaterfishing.eu\/?s={search_term_string}\"},\"query-input\":{\"@type\":\"PropertyValueSpecification\",\"valueRequired\":true,\"valueName\":\"search_term_string\"}}],\"inLanguage\":\"en-US\"}]}<\/script>\n<!-- \/ Yoast SEO plugin. -->","yoast_head_json":{"title":"Mauritius 1998 - BluewaterFishing","description":"Visit our Travelogues, Videos and Catch-Reports and find your perfect lure for the fish of your dreams.","robots":{"index":"index","follow":"follow","max-snippet":"max-snippet:-1","max-image-preview":"max-image-preview:large","max-video-preview":"max-video-preview:-1"},"canonical":"https:\/\/bluewaterfishing.eu\/reiseberichte\/mauritius\/mauritius-1998\/","og_locale":"en_US","og_type":"article","og_title":"Mauritius 1998 - BluewaterFishing","og_description":"Visit our Travelogues, Videos and Catch-Reports and find your perfect lure for the fish of your dreams.","og_url":"https:\/\/bluewaterfishing.eu\/reiseberichte\/mauritius\/mauritius-1998\/","og_site_name":"BluewaterFishing","article_publisher":"https:\/\/www.facebook.com\/BWF.eu","article_modified_time":"2018-01-07T21:09:17+00:00","og_image":[{"width":1118,"height":662,"url":"https:\/\/bluewaterfishing.eu\/wp-content\/uploads\/2018\/01\/Bildschirmfoto-2018-01-05-um-12.21.06.png","type":"image\/png"}],"twitter_card":"summary_large_image","twitter_misc":{"Est. reading time":"6 minutes"},"schema":{"@context":"https:\/\/schema.org","@graph":[{"@type":"WebPage","@id":"https:\/\/bluewaterfishing.eu\/reiseberichte\/mauritius\/mauritius-1998\/","url":"https:\/\/bluewaterfishing.eu\/reiseberichte\/mauritius\/mauritius-1998\/","name":"Mauritius 1998 - BluewaterFishing","isPartOf":{"@id":"https:\/\/bluewaterfishing.eu\/#website"},"primaryImageOfPage":{"@id":"https:\/\/bluewaterfishing.eu\/reiseberichte\/mauritius\/mauritius-1998\/#primaryimage"},"image":{"@id":"https:\/\/bluewaterfishing.eu\/reiseberichte\/mauritius\/mauritius-1998\/#primaryimage"},"thumbnailUrl":"https:\/\/bluewaterfishing.eu\/wp-content\/uploads\/2018\/01\/Bildschirmfoto-2018-01-05-um-12.21.06.png","datePublished":"2017-12-28T12:13:44+00:00","dateModified":"2018-01-07T21:09:17+00:00","description":"Visit our Travelogues, Videos and Catch-Reports and find your perfect lure for the fish of your dreams.","breadcrumb":{"@id":"https:\/\/bluewaterfishing.eu\/reiseberichte\/mauritius\/mauritius-1998\/#breadcrumb"},"inLanguage":"en-US","potentialAction":[{"@type":"ReadAction","target":["https:\/\/bluewaterfishing.eu\/reiseberichte\/mauritius\/mauritius-1998\/"]}]},{"@type":"ImageObject","inLanguage":"en-US","@id":"https:\/\/bluewaterfishing.eu\/reiseberichte\/mauritius\/mauritius-1998\/#primaryimage","url":"https:\/\/bluewaterfishing.eu\/wp-content\/uploads\/2018\/01\/Bildschirmfoto-2018-01-05-um-12.21.06.png","contentUrl":"https:\/\/bluewaterfishing.eu\/wp-content\/uploads\/2018\/01\/Bildschirmfoto-2018-01-05-um-12.21.06.png","width":1118,"height":662},{"@type":"BreadcrumbList","@id":"https:\/\/bluewaterfishing.eu\/reiseberichte\/mauritius\/mauritius-1998\/#breadcrumb","itemListElement":[{"@type":"ListItem","position":1,"name":"Startseite","item":"https:\/\/bluewaterfishing.eu\/en\/"},{"@type":"ListItem","position":2,"name":"Travelogues","item":"https:\/\/bluewaterfishing.eu\/reiseberichte\/"},{"@type":"ListItem","position":3,"name":"Mauritius","item":"https:\/\/bluewaterfishing.eu\/reiseberichte\/mauritius\/"},{"@type":"ListItem","position":4,"name":"Mauritius 1998"}]},{"@type":"WebSite","@id":"https:\/\/bluewaterfishing.eu\/#website","url":"https:\/\/bluewaterfishing.eu\/","name":"BluewaterFishing","description":"","potentialAction":[{"@type":"SearchAction","target":{"@type":"EntryPoint","urlTemplate":"https:\/\/bluewaterfishing.eu\/?s={search_term_string}"},"query-input":{"@type":"PropertyValueSpecification","valueRequired":true,"valueName":"search_term_string"}}],"inLanguage":"en-US"}]}},"_links":{"self":[{"href":"https:\/\/bluewaterfishing.eu\/en\/wp-json\/wp\/v2\/pages\/17591","targetHints":{"allow":["GET"]}}],"collection":[{"href":"https:\/\/bluewaterfishing.eu\/en\/wp-json\/wp\/v2\/pages"}],"about":[{"href":"https:\/\/bluewaterfishing.eu\/en\/wp-json\/wp\/v2\/types\/page"}],"author":[{"embeddable":true,"href":"https:\/\/bluewaterfishing.eu\/en\/wp-json\/wp\/v2\/users\/1575"}],"replies":[{"embeddable":true,"href":"https:\/\/bluewaterfishing.eu\/en\/wp-json\/wp\/v2\/comments?post=17591"}],"version-history":[{"count":1,"href":"https:\/\/bluewaterfishing.eu\/en\/wp-json\/wp\/v2\/pages\/17591\/revisions"}],"predecessor-version":[{"id":17592,"href":"https:\/\/bluewaterfishing.eu\/en\/wp-json\/wp\/v2\/pages\/17591\/revisions\/17592"}],"up":[{"embeddable":true,"href":"https:\/\/bluewaterfishing.eu\/en\/wp-json\/wp\/v2\/pages\/17467"}],"wp:featuredmedia":[{"embeddable":true,"href":"https:\/\/bluewaterfishing.eu\/en\/wp-json\/wp\/v2\/media\/14236"}],"wp:attachment":[{"href":"https:\/\/bluewaterfishing.eu\/en\/wp-json\/wp\/v2\/media?parent=17591"}],"curies":[{"name":"wp","href":"https:\/\/api.w.org\/{rel}","templated":true}]}}